{"id":225,"date":"2021-06-17T04:02:38","date_gmt":"2021-06-17T04:02:38","guid":{"rendered":"https:\/\/v2023.optimum-bs.com\/about-us-copy\/"},"modified":"2026-03-04T14:05:50","modified_gmt":"2026-03-04T13:05:50","slug":"contact","status":"publish","type":"page","link":"https:\/\/www.kartosa.com\/en\/contact\/","title":{"rendered":"Contact"},"content":{"rendered":"\t\t<div data-elementor-type=\"wp-page\" data-elementor-id=\"225\" class=\"elementor elementor-225\" data-elementor-post-type=\"page\">\n\t\t\t\t\t\t<section class=\"elementor-section elementor-top-section elementor-element elementor-element-1790129 elementor-section-stretched elementor-section-boxed elementor-section-height-default elementor-section-height-default rt-parallax-bg-no\" data-id=\"1790129\" data-element_type=\"section\" data-e-type=\"section\" data-settings=\"{&quot;stretch_section&quot;:&quot;section-stretched&quot;}\">\n\t\t\t\t\t\t<div class=\"elementor-container elementor-column-gap-default\">\n\t\t\t\t\t<div class=\"elementor-column elementor-col-100 elementor-top-column elementor-element elementor-element-67d7b73\" data-id=\"67d7b73\" data-element_type=\"column\" data-e-type=\"column\">\n\t\t\t<div class=\"elementor-widget-wrap\">\n\t\t\t\t\t\t\t<\/div>\n\t\t<\/div>\n\t\t\t\t\t<\/div>\n\t\t<\/section>\n\t\t\t\t<section class=\"elementor-section elementor-top-section elementor-element elementor-element-6c61920 elementor-section-stretched elementor-section-boxed elementor-section-height-default elementor-section-height-default rt-parallax-bg-no\" data-id=\"6c61920\" data-element_type=\"section\" data-e-type=\"section\" data-settings=\"{&quot;stretch_section&quot;:&quot;section-stretched&quot;,&quot;background_background&quot;:&quot;classic&quot;}\">\n\t\t\t\t\t\t<div class=\"elementor-container elementor-column-gap-default\">\n\t\t\t\t\t<div class=\"elementor-column elementor-col-50 elementor-top-column elementor-element elementor-element-9cd8900\" data-id=\"9cd8900\" data-element_type=\"column\" data-e-type=\"column\">\n\t\t\t<div class=\"elementor-widget-wrap elementor-element-populated\">\n\t\t\t\t\t\t<div class=\"elementor-element elementor-element-800fb8b elementor-widget elementor-widget-rt-contact-info\" data-id=\"800fb8b\" data-element_type=\"widget\" data-e-type=\"widget\" data-widget_type=\"rt-contact-info.default\">\n\t\t\t\t<div class=\"elementor-widget-container\">\n\t\t\t\t\t<div class=\"rtin-contact-info\">\n\t<div class=\"rtin-item item-icon\">\n\t\t \t\n\t\t\t\t\t<span class=\"rtin-icon\"><i class=\" flaticon-location\"><\/i><\/span>\n\t\t\t\t\t\n\n\t\t<div class=\"contrent-wrap\">\n\t\t\t\t\t<h3 class=\"rtin-title\">Adresse<\/h3>\n\t\t\t\t\t\t\t<p class=\"rtin-text\">63 Av. du G\u00e9n\u00e9ral Leclerc 92340 Bourg-la-Reine<\/p>\n\t\t\t\t<\/div>\n\t<\/div>\n<\/div>\t\t\t\t<\/div>\n\t\t\t\t<\/div>\n\t\t\t\t<div class=\"elementor-element elementor-element-76fbefe elementor-widget elementor-widget-rt-contact-info\" data-id=\"76fbefe\" data-element_type=\"widget\" data-e-type=\"widget\" data-widget_type=\"rt-contact-info.default\">\n\t\t\t\t<div class=\"elementor-widget-container\">\n\t\t\t\t\t<div class=\"rtin-contact-info\">\n\t<div class=\"rtin-item item-icon\">\n\t\t \t\n\t\t\t\t\t<span class=\"rtin-icon\"><i class=\" flaticon-phone-call\"><\/i><\/span>\n\t\t\t\t\t\n\n\t\t<div class=\"contrent-wrap\">\n\t\t\t\t\t<h3 class=\"rtin-title\">T\u00e9l\u00e9phone<\/h3>\n\t\t\t\t\t\t\t<p class=\"rtin-text\"><a href=\"tel:+33149732354\">+33 1 49 73 23 54<\/a><\/p>\n\t\t\t\t<\/div>\n\t<\/div>\n<\/div>\t\t\t\t<\/div>\n\t\t\t\t<\/div>\n\t\t\t\t<div class=\"elementor-element elementor-element-8fe293f elementor-widget elementor-widget-rt-contact-info\" data-id=\"8fe293f\" data-element_type=\"widget\" data-e-type=\"widget\" data-widget_type=\"rt-contact-info.default\">\n\t\t\t\t<div class=\"elementor-widget-container\">\n\t\t\t\t\t<div class=\"rtin-contact-info\">\n\t<div class=\"rtin-item item-icon\">\n\t\t \t\n\t\t\t\t\t<span class=\"rtin-icon\"><i class=\" flaticon-envelope\"><\/i><\/span>\n\t\t\t\t\t\n\n\t\t<div class=\"contrent-wrap\">\n\t\t\t\t\t<h3 class=\"rtin-title\">Email<\/h3>\n\t\t\t\t\t\t\t<p class=\"rtin-text\"><a class=\"link\" href=\"mailto:contact@kartosa.com\">contact@kartosa.com<\/a><\/p>\n\t\t\t\t<\/div>\n\t<\/div>\n<\/div>\t\t\t\t<\/div>\n\t\t\t\t<\/div>\n\t\t\t\t\t<\/div>\n\t\t<\/div>\n\t\t\t\t<div class=\"elementor-column elementor-col-50 elementor-top-column elementor-element elementor-element-a02690a\" data-id=\"a02690a\" data-element_type=\"column\" data-e-type=\"column\">\n\t\t\t<div class=\"elementor-widget-wrap elementor-element-populated\">\n\t\t\t\t\t\t<div class=\"elementor-element elementor-element-1809021 elementor-widget elementor-widget-rt-cta\" data-id=\"1809021\" data-element_type=\"widget\" data-e-type=\"widget\" id=\"prise\" data-widget_type=\"rt-cta.default\">\n\t\t\t\t<div class=\"elementor-widget-container\">\n\t\t\t\t\t<div class=\"cta-default cta-style1\">\n\t<div class=\"action-box\">\n\t\t\t\t\t\t\n\t\t\t\t<p>Vous souhaitez obtenir de plus amples renseignements sur nos services et nos solutions ?<\/p>\n\t\t\t\t\t\n\t\t<div class=\"rtin-button\">\n\t\t\t<a class=\"button-style-2 btn-common rt-animation-out\" href=\"https:\/\/meetings-eu1.hubspot.com\/alan-cambourieu?uuid=b1f4a7c5-4988-455d-a406-b9380753044b\">Prise de rendez vous<svg\r\n            xmlns=\"http:\/\/www.w3.org\/2000\/svg\"\r\n            xmlns:xlink=\"http:\/\/www.w3.org\/1999\/xlink\"\r\n            width=\"34px\"\r\n            height=\"16px\"\r\n            viewBox=\"0 0 34.53 16\"\r\n            xml:space=\"preserve\"\r\n          >\r\n            <rect\r\n              class=\"rt-button-line\"\r\n              y=\"7.6\"\r\n              width=\"34\"\r\n              height=\".4\"\r\n            ><\/rect>\r\n            <g class=\"rt-button-cap-fake\">\r\n              <path\r\n                class=\"rt-button-cap\"\r\n                d=\"M25.83.7l.7-.7,8,8-.7.71Zm0,14.6,8-8,.71.71-8,8Z\"\r\n              ><\/path>\r\n            <\/g>\r\n          <\/svg><\/a>\n\t        <\/div>\t\t\n\t<\/div>\n<\/div>\t\t\t\t<\/div>\n\t\t\t\t<\/div>\n\t\t\t\t<div class=\"elementor-element elementor-element-ad34e11 fluentform-widget-submit-button-custom elementor-widget elementor-widget-fluent-form-widget\" data-id=\"ad34e11\" data-element_type=\"widget\" data-e-type=\"widget\" data-widget_type=\"fluent-form-widget.default\">\n\t\t\t\t<div class=\"elementor-widget-container\">\n\t\t\t\t\t\n            <div class=\"fluentform-widget-wrapper fluentform-widget-align-default\">\n\n            \n            <div class='fluentform ff-default fluentform_wrapper_1 ffs_default_wrap'><form data-form_id=\"1\" id=\"fluentform_1\" class=\"frm-fluent-form fluent_form_1 ff-el-form-top ff_form_instance_1_1 ff-form-loading ffs_default\" data-form_instance=\"ff_form_instance_1_1\" method=\"POST\" ><fieldset  style=\"border: none!important;margin: 0!important;padding: 0!important;background-color: transparent!important;box-shadow: none!important;outline: none!important; min-inline-size: 100%;\">\n                    <legend class=\"ff_screen_reader_title\" style=\"display: block; margin: 0!important;padding: 0!important;height: 0!important;text-indent: -999999px;width: 0!important;overflow:hidden;\">Contact form<\/legend><input type='hidden' name='__fluent_form_embded_post_id' value='225' \/><input type=\"hidden\" id=\"_fluentform_1_fluentformnonce\" name=\"_fluentform_1_fluentformnonce\" value=\"e1d6834beb\" \/><input type=\"hidden\" name=\"_wp_http_referer\" value=\"\/en\/wp-json\/wp\/v2\/pages\/225\" \/><div data-type=\"name-element\" data-name=\"names_1\" class=\" ff-field_container ff-name-field-wrapper contact-form\" ><div class='ff-t-container'><div class='ff-t-cell '><div class='ff-el-group  ff-el-form-hide_label'><div class=\"ff-el-input--label ff-el-is-required asterisk-right\"><label for='ff_1_names_1_first_name_' id='label_ff_1_names_1_first_name_' >Nom<\/label><\/div><div class='ff-el-input--content'><input type=\"text\" name=\"names_1[first_name]\" id=\"ff_1_names_1_first_name_\" class=\"ff-el-form-control\" placeholder=\"Nom*\" aria-invalid=\"false\" aria-required=true><\/div><\/div><\/div><\/div><\/div><div class='ff-el-group ff-el-form-hide_label contact-form'><div class=\"ff-el-input--label ff-el-is-required asterisk-right\"><label for='ff_1_email' id='label_ff_1_email' aria-label=\"Email\">Email<\/label><\/div><div class='ff-el-input--content'><input type=\"email\" name=\"email\" id=\"ff_1_email\" class=\"ff-el-form-control\" placeholder=\"Email*\" data-name=\"email\"  aria-invalid=\"false\" aria-required=true><\/div><\/div><div data-type=\"name-element\" data-name=\"names\" class=\" ff-field_container ff-name-field-wrapper contact-form\" ><div class='ff-t-container'><div class='ff-t-cell '><div class='ff-el-group  ff-el-form-hide_label'><div class=\"ff-el-input--label asterisk-right\"><label for='ff_1_names_first_name_' id='label_ff_1_names_first_name_' >Objet<\/label><\/div><div class='ff-el-input--content'><input type=\"text\" name=\"names[first_name]\" id=\"ff_1_names_first_name_\" class=\"ff-el-form-control\" placeholder=\"Objet\" aria-invalid=\"false\" aria-required=false><\/div><\/div><\/div><\/div><\/div><div data-type=\"name-element\" data-name=\"names_2\" class=\" ff-field_container ff-name-field-wrapper contact-form\" ><div class='ff-t-container'><div class='ff-t-cell '><div class='ff-el-group  ff-el-form-hide_label'><div class=\"ff-el-input--label asterisk-right\"><label for='ff_1_names_2_first_name_' id='label_ff_1_names_2_first_name_' >T\u00e9l\u00e9phone<\/label><\/div><div class='ff-el-input--content'><input type=\"text\" name=\"names_2[first_name]\" id=\"ff_1_names_2_first_name_\" class=\"ff-el-form-control\" placeholder=\"T\u00e9l\u00e9phone\" aria-invalid=\"false\" aria-required=false><\/div><\/div><\/div><\/div><\/div><div class='ff-el-group ff-el-form-hide_label contact-form'><div class=\"ff-el-input--label asterisk-right\"><label for='ff_1_description' id='label_ff_1_description' aria-label=\"Textarea\">Textarea<\/label><\/div><div class='ff-el-input--content'><textarea aria-required=\"false\" aria-labelledby=\"label_ff_1_description\" name=\"description\" id=\"ff_1_description\" class=\"ff-el-form-control\" placeholder=\"Message\" rows=\"3\" cols=\"2\" data-name=\"description\" ><\/textarea><\/div><\/div><div class='ff-el-group ff-text-center contact-form ff_submit_btn_wrapper'><button type=\"submit\" class=\"ff-btn ff-btn-submit ff-btn-md ff_btn_style wpf_has_custom_css\"  aria-label=\"Envoyer\">Envoyer<\/button><\/div><\/fieldset><\/form><div id='fluentform_1_errors' class='ff-errors-in-stack ff_form_instance_1_1 ff-form-loading_errors ff_form_instance_1_1_errors'><\/div><\/div>            <script type=\"text\/javascript\">\n                window.fluent_form_ff_form_instance_1_1 = {\"id\":\"1\",\"ajaxUrl\":\"https:\\\/\\\/www.kartosa.com\\\/wp-admin\\\/admin-ajax.php\",\"settings\":{\"layout\":{\"labelPlacement\":\"top\",\"helpMessagePlacement\":\"with_label\",\"errorMessagePlacement\":\"inline\",\"asteriskPlacement\":\"asterisk-right\"},\"restrictions\":{\"denyEmptySubmission\":{\"enabled\":false}}},\"form_instance\":\"ff_form_instance_1_1\",\"form_id_selector\":\"fluentform_1\",\"rules\":{\"names_1[first_name]\":{\"required\":{\"value\":true,\"message\":\"This field is required\",\"global\":false,\"global_message\":\"Ce champ est obligatoire\"}},\"names_1[middle_name]\":{\"required\":{\"value\":false,\"message\":\"This field is required\",\"global\":false,\"global_message\":\"Ce champ est obligatoire\"}},\"names_1[last_name]\":{\"required\":{\"value\":false,\"message\":\"This field is required\",\"global\":false,\"global_message\":\"Ce champ est obligatoire\"}},\"email\":{\"required\":{\"value\":true,\"message\":\"This field is required\",\"global\":false,\"global_message\":\"Ce champ est obligatoire\"},\"email\":{\"value\":true,\"message\":\"This field must contain a valid email\",\"global\":false,\"global_message\":\"Ce champ doit contenir un e-mail valide\"}},\"names[first_name]\":{\"required\":{\"value\":false,\"message\":\"This field is required\",\"global\":false,\"global_message\":\"Ce champ est obligatoire\"}},\"names[middle_name]\":{\"required\":{\"value\":false,\"message\":\"This field is required\",\"global\":false,\"global_message\":\"Ce champ est obligatoire\"}},\"names[last_name]\":{\"required\":{\"value\":false,\"message\":\"This field is required\",\"global\":false,\"global_message\":\"Ce champ est obligatoire\"}},\"names_2[first_name]\":{\"required\":{\"value\":false,\"message\":\"This field is required\",\"global\":false,\"global_message\":\"Ce champ est obligatoire\"}},\"names_2[middle_name]\":{\"required\":{\"value\":false,\"message\":\"This field is required\",\"global\":false,\"global_message\":\"Ce champ est obligatoire\"}},\"names_2[last_name]\":{\"required\":{\"value\":false,\"message\":\"This field is required\",\"global\":false,\"global_message\":\"Ce champ est obligatoire\"}},\"description\":{\"required\":{\"value\":false,\"message\":\"This field is required\",\"global\":false,\"global_message\":\"Ce champ est obligatoire\"}}},\"debounce_time\":300};\n                            <\/script>\n                        <\/div>\n\n            \t\t\t\t<\/div>\n\t\t\t\t<\/div>\n\t\t\t\t\t<\/div>\n\t\t<\/div>\n\t\t\t\t\t<\/div>\n\t\t<\/section>\n\t\t\t\t<section class=\"elementor-section elementor-top-section elementor-element elementor-element-f0aeecf elementor-section-full_width elementor-section-height-default elementor-section-height-default rt-parallax-bg-no\" data-id=\"f0aeecf\" data-element_type=\"section\" data-e-type=\"section\">\n\t\t\t\t\t\t<div class=\"elementor-container elementor-column-gap-default\">\n\t\t\t\t\t<div class=\"elementor-column elementor-col-100 elementor-top-column elementor-element elementor-element-a30e97a\" data-id=\"a30e97a\" data-element_type=\"column\" data-e-type=\"column\">\n\t\t\t<div class=\"elementor-widget-wrap elementor-element-populated\">\n\t\t\t\t\t\t<div class=\"elementor-element elementor-element-8be9bdc elementor-widget elementor-widget-google_maps\" data-id=\"8be9bdc\" data-element_type=\"widget\" data-e-type=\"widget\" data-widget_type=\"google_maps.default\">\n\t\t\t\t\t\t\t<div class=\"elementor-custom-embed\">\n\t\t\t<iframe loading=\"lazy\"\n\t\t\t\t\tsrc=\"https:\/\/maps.google.com\/maps?q=KARTOSA%2011-13%20Av.%20de%20la%20Division%20Leclerc%2C%2094230%20Cachan%2C%20France&#038;t=m&#038;z=11&#038;output=embed&#038;iwloc=near\"\n\t\t\t\t\ttitle=\"KARTOSA 11-13 Av. de la Division Leclerc, 94230 Cachan, France\"\n\t\t\t\t\taria-label=\"KARTOSA 11-13 Av. de la Division Leclerc, 94230 Cachan, France\"\n\t\t\t><\/iframe>\n\t\t<\/div>\n\t\t\t\t\t\t<\/div>\n\t\t\t\t\t<\/div>\n\t\t<\/div>\n\t\t\t\t\t<\/div>\n\t\t<\/section>\n\t\t\t\t<\/div>\n\t\t","protected":false},"excerpt":{"rendered":"<p>Adresse 63 Av. du G\u00e9n\u00e9ral Leclerc 92340 Bourg-la-Reine T\u00e9l\u00e9phone +33 1 49 73 23 54 Email contact@kartosa.com Vous souhaitez obtenir de plus amples renseignements sur nos services et nos solutions ? Prise de rendez vous &nbsp; Contact form NomEmailObjetT\u00e9l\u00e9phoneTextareaEnvoyer<\/p>","protected":false},"author":1,"featured_media":0,"parent":0,"menu_order":0,"comment_status":"closed","ping_status":"closed","template":"elementor_header_footer","meta":{"footnotes":""},"class_list":["post-225","page","type-page","status-publish","hentry"],"yoast_head":"<!-- This site is optimized with the Yoast SEO plugin v27.4 - https:\/\/yoast.com\/product\/yoast-seo-wordpress\/ -->\n<title>Contact - Expert SAP en France<\/title>\n<meta name=\"description\" content=\"Fond\u00e9e en 2010, op\u00e9rateur sp\u00e9cialis\u00e9 dans l&#039;int\u00e9gration et la maintenance des syst\u00e8mes SAP pour la gestion des ressources humaines.\" \/>\n<meta name=\"robots\" content=\"index, follow, max-snippet:-1, max-image-preview:large, max-video-preview:-1\" \/>\n<link rel=\"canonical\" href=\"https:\/\/www.kartosa.com\/en\/contact\/\" \/>\n<meta property=\"og:locale\" content=\"en_GB\" \/>\n<meta property=\"og:type\" content=\"article\" \/>\n<meta property=\"og:title\" content=\"Contact - Expert SAP en France\" \/>\n<meta property=\"og:description\" content=\"Fond\u00e9e en 2010, op\u00e9rateur sp\u00e9cialis\u00e9 dans l&#039;int\u00e9gration et la maintenance des syst\u00e8mes SAP pour la gestion des ressources humaines.\" \/>\n<meta property=\"og:url\" content=\"https:\/\/www.kartosa.com\/en\/contact\/\" \/>\n<meta property=\"og:site_name\" content=\"KARTOSA \u2014 Consultant SAP SuccessFactors &amp; SAP HR en France\" \/>\n<meta property=\"article:modified_time\" content=\"2026-03-04T13:05:50+00:00\" \/>\n<meta name=\"twitter:card\" content=\"summary_large_image\" \/>\n<meta name=\"twitter:label1\" content=\"Estimated reading time\" \/>\n\t<meta name=\"twitter:data1\" content=\"1 minute\" \/>\n<script type=\"application\/ld+json\" class=\"yoast-schema-graph\">{\"@context\":\"https:\\\/\\\/schema.org\",\"@graph\":[{\"@type\":\"WebPage\",\"@id\":\"https:\\\/\\\/www.kartosa.com\\\/contact\\\/\",\"url\":\"https:\\\/\\\/www.kartosa.com\\\/contact\\\/\",\"name\":\"Contact - Expert SAP en France\",\"isPartOf\":{\"@id\":\"https:\\\/\\\/www.kartosa.com\\\/#website\"},\"datePublished\":\"2021-06-17T04:02:38+00:00\",\"dateModified\":\"2026-03-04T13:05:50+00:00\",\"description\":\"Fond\u00e9e en 2010, op\u00e9rateur sp\u00e9cialis\u00e9 dans l'int\u00e9gration et la maintenance des syst\u00e8mes SAP pour la gestion des ressources humaines.\",\"breadcrumb\":{\"@id\":\"https:\\\/\\\/www.kartosa.com\\\/contact\\\/#breadcrumb\"},\"inLanguage\":\"en-GB\",\"potentialAction\":[{\"@type\":\"ReadAction\",\"target\":[\"https:\\\/\\\/www.kartosa.com\\\/contact\\\/\"]}]},{\"@type\":\"BreadcrumbList\",\"@id\":\"https:\\\/\\\/www.kartosa.com\\\/contact\\\/#breadcrumb\",\"itemListElement\":[{\"@type\":\"ListItem\",\"position\":1,\"name\":\"Accueil\",\"item\":\"https:\\\/\\\/www.kartosa.com\\\/fr\\\/\"},{\"@type\":\"ListItem\",\"position\":2,\"name\":\"Contact\"}]},{\"@type\":\"WebSite\",\"@id\":\"https:\\\/\\\/www.kartosa.com\\\/#website\",\"url\":\"https:\\\/\\\/www.kartosa.com\\\/\",\"name\":\"KARTOSA\",\"description\":\"\",\"potentialAction\":[{\"@type\":\"SearchAction\",\"target\":{\"@type\":\"EntryPoint\",\"urlTemplate\":\"https:\\\/\\\/www.kartosa.com\\\/?s={search_term_string}\"},\"query-input\":{\"@type\":\"PropertyValueSpecification\",\"valueRequired\":true,\"valueName\":\"search_term_string\"}}],\"inLanguage\":\"en-GB\"}]}<\/script>\n<!-- \/ Yoast SEO plugin. -->","yoast_head_json":{"title":"Contact - Expert SAP en France","description":"Fond\u00e9e en 2010, op\u00e9rateur sp\u00e9cialis\u00e9 dans l'int\u00e9gration et la maintenance des syst\u00e8mes SAP pour la gestion des ressources humaines.","robots":{"index":"index","follow":"follow","max-snippet":"max-snippet:-1","max-image-preview":"max-image-preview:large","max-video-preview":"max-video-preview:-1"},"canonical":"https:\/\/www.kartosa.com\/en\/contact\/","og_locale":"en_GB","og_type":"article","og_title":"Contact - Expert SAP en France","og_description":"Fond\u00e9e en 2010, op\u00e9rateur sp\u00e9cialis\u00e9 dans l'int\u00e9gration et la maintenance des syst\u00e8mes SAP pour la gestion des ressources humaines.","og_url":"https:\/\/www.kartosa.com\/en\/contact\/","og_site_name":"KARTOSA \u2014 Consultant SAP SuccessFactors &amp; SAP HR en France","article_modified_time":"2026-03-04T13:05:50+00:00","twitter_card":"summary_large_image","twitter_misc":{"Estimated reading time":"1 minute"},"schema":{"@context":"https:\/\/schema.org","@graph":[{"@type":"WebPage","@id":"https:\/\/www.kartosa.com\/contact\/","url":"https:\/\/www.kartosa.com\/contact\/","name":"Contact - Expert SAP en France","isPartOf":{"@id":"https:\/\/www.kartosa.com\/#website"},"datePublished":"2021-06-17T04:02:38+00:00","dateModified":"2026-03-04T13:05:50+00:00","description":"Fond\u00e9e en 2010, op\u00e9rateur sp\u00e9cialis\u00e9 dans l'int\u00e9gration et la maintenance des syst\u00e8mes SAP pour la gestion des ressources humaines.","breadcrumb":{"@id":"https:\/\/www.kartosa.com\/contact\/#breadcrumb"},"inLanguage":"en-GB","potentialAction":[{"@type":"ReadAction","target":["https:\/\/www.kartosa.com\/contact\/"]}]},{"@type":"BreadcrumbList","@id":"https:\/\/www.kartosa.com\/contact\/#breadcrumb","itemListElement":[{"@type":"ListItem","position":1,"name":"Accueil","item":"https:\/\/www.kartosa.com\/fr\/"},{"@type":"ListItem","position":2,"name":"Contact"}]},{"@type":"WebSite","@id":"https:\/\/www.kartosa.com\/#website","url":"https:\/\/www.kartosa.com\/","name":"KARTOSA","description":"","potentialAction":[{"@type":"SearchAction","target":{"@type":"EntryPoint","urlTemplate":"https:\/\/www.kartosa.com\/?s={search_term_string}"},"query-input":{"@type":"PropertyValueSpecification","valueRequired":true,"valueName":"search_term_string"}}],"inLanguage":"en-GB"}]}},"_links":{"self":[{"href":"https:\/\/www.kartosa.com\/en\/wp-json\/wp\/v2\/pages\/225","targetHints":{"allow":["GET"]}}],"collection":[{"href":"https:\/\/www.kartosa.com\/en\/wp-json\/wp\/v2\/pages"}],"about":[{"href":"https:\/\/www.kartosa.com\/en\/wp-json\/wp\/v2\/types\/page"}],"author":[{"embeddable":true,"href":"https:\/\/www.kartosa.com\/en\/wp-json\/wp\/v2\/users\/1"}],"replies":[{"embeddable":true,"href":"https:\/\/www.kartosa.com\/en\/wp-json\/wp\/v2\/comments?post=225"}],"version-history":[{"count":0,"href":"https:\/\/www.kartosa.com\/en\/wp-json\/wp\/v2\/pages\/225\/revisions"}],"wp:attachment":[{"href":"https:\/\/www.kartosa.com\/en\/wp-json\/wp\/v2\/media?parent=225"}],"curies":[{"name":"wp","href":"https:\/\/api.w.org\/{rel}","templated":true}]}}