{"id":8319,"date":"2023-05-11T11:48:03","date_gmt":"2023-05-11T10:48:03","guid":{"rendered":"https:\/\/v2023.optimum-bs.com\/?page_id=8319"},"modified":"2026-02-23T10:05:46","modified_gmt":"2026-02-23T09:05:46","slug":"employee-central-et-administration-du-personnel","status":"publish","type":"page","link":"https:\/\/www.kartosa.com\/en\/employee-central-et-administration-du-personnel\/","title":{"rendered":"Employee Central et administration du personnel"},"content":{"rendered":"\t\t<div data-elementor-type=\"wp-page\" data-elementor-id=\"8319\" class=\"elementor elementor-8319\" data-elementor-post-type=\"page\">\n\t\t\t\t\t\t<section class=\"elementor-section elementor-top-section elementor-element elementor-element-f232f55 elementor-section-stretched elementor-section-boxed elementor-section-height-default elementor-section-height-default rt-parallax-bg-no\" data-id=\"f232f55\" data-element_type=\"section\" data-e-type=\"section\" data-settings=\"{&quot;stretch_section&quot;:&quot;section-stretched&quot;}\">\n\t\t\t\t\t\t<div class=\"elementor-container elementor-column-gap-default\">\n\t\t\t\t\t<div class=\"elementor-column elementor-col-50 elementor-top-column elementor-element elementor-element-4f5a2e0\" data-id=\"4f5a2e0\" data-element_type=\"column\" data-e-type=\"column\" data-settings=\"{&quot;animation&quot;:&quot;none&quot;}\">\n\t\t\t<div class=\"elementor-widget-wrap elementor-element-populated\">\n\t\t\t\t\t\t<div class=\"elementor-element elementor-element-3cb9db5 elementor-widget elementor-widget-image\" data-id=\"3cb9db5\" data-element_type=\"widget\" data-e-type=\"widget\" data-widget_type=\"image.default\">\n\t\t\t\t\t\t\t\t\t\t\t\t\t\t\t<img decoding=\"async\" src=\"https:\/\/www.kartosa.com\/wp-content\/uploads\/elementor\/thumbs\/Gemini_Generated_Image_9co1dd9co1dd9co1-rco2sf7633m2g8a7j5lktf3hd74tgu5o3aprambs8c.png\" title=\"Gemini_Generated_Image_9co1dd9co1dd9co1\" alt=\"Gemini_Generated_Image_9co1dd9co1dd9co1\" loading=\"lazy\" \/>\t\t\t\t\t\t\t\t\t\t\t\t\t\t\t<\/div>\n\t\t\t\t\t<\/div>\n\t\t<\/div>\n\t\t\t\t<div class=\"elementor-column elementor-col-50 elementor-top-column elementor-element elementor-element-28671f2\" data-id=\"28671f2\" data-element_type=\"column\" data-e-type=\"column\">\n\t\t\t<div class=\"elementor-widget-wrap elementor-element-populated\">\n\t\t\t\t\t\t<div class=\"elementor-element elementor-element-3079078 elementor-invisible elementor-widget elementor-widget-rt-text-with-button\" data-id=\"3079078\" data-element_type=\"widget\" data-e-type=\"widget\" data-widget_type=\"rt-text-with-button.default\">\n\t\t\t\t<div class=\"elementor-widget-container\">\n\t\t\t\t\t<div class=\"title-text-button barhide text-style2\">\n\t\t\t<div class=\"subtitle hide fadeInUp\" data-wow-delay=\"1s\" data-wow-duration=\"1s\">SAP SuccessFactors Employee Central<\/div>\n\t\t\t\t<h2 class=\"rtin-title hide fadeInUp\" data-wow-delay=\"1.2s\" data-wow-duration=\"1s\">Optimisez votre processus de gestion du personnel et valorisez vos ressources humaines\u00a0!\t\t\t\t\t<\/h2>\t\t\n\t\t\n\t<div class=\"rtin-content hide fadeInUp\" data-wow-delay=\"1.4s\" data-wow-duration=\"1s\"><p>KARTOSA vous aide \u00e0 g\u00e9rer l'ensemble de vos collaborateurs et \u00e0 am\u00e9liorer leurs exp\u00e9riences \u00e0 l'aide d'une plateforme RH unique \u00e0 l'\u00e9chelle mondiale \u00ab SAP SuccessFactors Employee Central \u00bb<\/p><\/div>\n\t<\/div>\t\t\t\t<\/div>\n\t\t\t\t<\/div>\n\t\t\t\t<div class=\"elementor-element elementor-element-8d72214 elementor-invisible elementor-widget elementor-widget-rt-button\" data-id=\"8d72214\" data-element_type=\"widget\" data-e-type=\"widget\" data-widget_type=\"rt-button.default\">\n\t\t\t\t<div class=\"elementor-widget-container\">\n\t\t\t\t\t<div class=\"rtin-button hide fadeInUp\" data-wow-delay=\"1s\" data-wow-duration=\"1s\">\n\t\t\t<a class=\"button-style-2 btn-common rt-animation-out\" href=\"https:\/\/www.sap.com\/france\/products\/hcm\/employee-central-hris.html\" target=\"_blank\">A propos de SAP SuccessFactors Employee Central<svg\r\n            xmlns=\"http:\/\/www.w3.org\/2000\/svg\"\r\n            xmlns:xlink=\"http:\/\/www.w3.org\/1999\/xlink\"\r\n            width=\"34px\"\r\n            height=\"16px\"\r\n            viewBox=\"0 0 34.53 16\"\r\n            xml:space=\"preserve\"\r\n          >\r\n            <rect\r\n              class=\"rt-button-line\"\r\n              y=\"7.6\"\r\n              width=\"34\"\r\n              height=\".4\"\r\n            ><\/rect>\r\n            <g class=\"rt-button-cap-fake\">\r\n              <path\r\n                class=\"rt-button-cap\"\r\n                d=\"M25.83.7l.7-.7,8,8-.7.71Zm0,14.6,8-8,.71.71-8,8Z\"\r\n              ><\/path>\r\n            <\/g>\r\n          <\/svg><\/a>\n\t<\/div>\t\t\t\t<\/div>\n\t\t\t\t<\/div>\n\t\t\t\t\t<\/div>\n\t\t<\/div>\n\t\t\t\t\t<\/div>\n\t\t<\/section>\n\t\t\t\t<section class=\"elementor-section elementor-top-section elementor-element elementor-element-9c76044 elementor-section-boxed elementor-section-height-default elementor-section-height-default rt-parallax-bg-no\" data-id=\"9c76044\" data-element_type=\"section\" data-e-type=\"section\">\n\t\t\t\t\t\t<div class=\"elementor-container elementor-column-gap-default\">\n\t\t\t\t\t<div class=\"elementor-column elementor-col-100 elementor-top-column elementor-element elementor-element-2c2eda8\" data-id=\"2c2eda8\" data-element_type=\"column\" data-e-type=\"column\">\n\t\t\t<div class=\"elementor-widget-wrap elementor-element-populated\">\n\t\t\t\t\t\t<div class=\"elementor-element elementor-element-53ce901 elementor-widget elementor-widget-text-editor\" data-id=\"53ce901\" data-element_type=\"widget\" data-e-type=\"widget\" data-widget_type=\"text-editor.default\">\n\t\t\t\t\t\t\t\t\t<p>KARTOSA poss\u00e8de une connaissance approfondie des enjeux et des objectifs de l\u2019administration du personnel et de la gestion de l\u2019organisation qui constituent le socle de chaque SIRH. L\u2019ensemble des composantes de la gestion des talents (comp\u00e9tences, \u00e9valuations, carri\u00e8res, formation) ainsi que la gestion des temps de la r\u00e9mun\u00e9ration et de la paie reposent sur ces deux briques de base.<\/p>\t\t\t\t\t\t\t\t<\/div>\n\t\t\t\t\t<\/div>\n\t\t<\/div>\n\t\t\t\t\t<\/div>\n\t\t<\/section>\n\t\t\t\t<section class=\"elementor-section elementor-top-section elementor-element elementor-element-40bda7a elementor-section-boxed elementor-section-height-default elementor-section-height-default rt-parallax-bg-no\" data-id=\"40bda7a\" data-element_type=\"section\" data-e-type=\"section\">\n\t\t\t\t\t\t<div class=\"elementor-container elementor-column-gap-default\">\n\t\t\t\t\t<div class=\"elementor-column elementor-col-100 elementor-top-column elementor-element elementor-element-5024980\" data-id=\"5024980\" data-element_type=\"column\" data-e-type=\"column\">\n\t\t\t<div class=\"elementor-widget-wrap elementor-element-populated\">\n\t\t\t\t\t\t<div class=\"elementor-element elementor-element-399c980 elementor-widget elementor-widget-heading\" data-id=\"399c980\" data-element_type=\"widget\" data-e-type=\"widget\" data-widget_type=\"heading.default\">\n\t\t\t\t\t<h2 class=\"elementor-heading-title elementor-size-default\">KARTOSA : votre alli\u00e9 face aux nouveaux d\u00e9fis\n de la gestion administrative du personnel <\/h2>\t\t\t\t<\/div>\n\t\t\t\t<div class=\"elementor-element elementor-element-6958aa1 elementor-widget elementor-widget-text-editor\" data-id=\"6958aa1\" data-element_type=\"widget\" data-e-type=\"widget\" data-widget_type=\"text-editor.default\">\n\t\t\t\t\t\t\t\t\t<p>Dans un environnement en constante \u00e9volution, les entreprises sont de plus en plus confront\u00e9es \u00e0 des besoins complexes, tels que la gestion mondiale des effectifs, une conformit\u00e9 r\u00e9glementaire renforc\u00e9e et une demande croissante de flexibilit\u00e9.<\/p>\t\t\t\t\t\t\t\t<\/div>\n\t\t\t\t\t<\/div>\n\t\t<\/div>\n\t\t\t\t\t<\/div>\n\t\t<\/section>\n\t\t\t\t<section class=\"elementor-section elementor-top-section elementor-element elementor-element-2e562a4 elementor-section-boxed elementor-section-height-default elementor-section-height-default rt-parallax-bg-no\" data-id=\"2e562a4\" data-element_type=\"section\" data-e-type=\"section\">\n\t\t\t\t\t\t<div class=\"elementor-container elementor-column-gap-default\">\n\t\t\t\t\t<div class=\"elementor-column elementor-col-100 elementor-top-column elementor-element elementor-element-f9aaaad\" data-id=\"f9aaaad\" data-element_type=\"column\" data-e-type=\"column\">\n\t\t\t<div class=\"elementor-widget-wrap elementor-element-populated\">\n\t\t\t\t\t\t<div class=\"elementor-element elementor-element-0c42b3f elementor-widget elementor-widget-spacer\" data-id=\"0c42b3f\" data-element_type=\"widget\" data-e-type=\"widget\" data-widget_type=\"spacer.default\">\n\t\t\t\t\t\t\t<div class=\"elementor-spacer\">\n\t\t\t<div class=\"elementor-spacer-inner\"><\/div>\n\t\t<\/div>\n\t\t\t\t\t\t<\/div>\n\t\t\t\t<div class=\"elementor-element elementor-element-60ddd53 elementor-widget elementor-widget-heading\" data-id=\"60ddd53\" data-element_type=\"widget\" data-e-type=\"widget\" data-widget_type=\"heading.default\">\n\t\t\t\t\t<h2 class=\"elementor-heading-title elementor-size-default\">Avantages cl\u00e9s<\/h2>\t\t\t\t<\/div>\n\t\t\t\t\t<\/div>\n\t\t<\/div>\n\t\t\t\t\t<\/div>\n\t\t<\/section>\n\t\t\t\t<section data-pa-eq-height=\"{&quot;targetType&quot;:&quot;custom&quot;,&quot;target&quot;:[&quot;.rtin-item&quot;],&quot;trigger&quot;:&quot;load&quot;,&quot;enableOn&quot;:[&quot;desktop&quot;,&quot;tablet&quot;,&quot;mobile&quot;]}\" class=\"elementor-section elementor-top-section elementor-element elementor-element-aeb2467 premium-equal-height-yes elementor-section-boxed elementor-section-height-default elementor-section-height-default rt-parallax-bg-no\" data-id=\"aeb2467\" data-element_type=\"section\" data-e-type=\"section\" data-settings=\"{&quot;premium_eq_height_switcher&quot;:&quot;yes&quot;}\">\n\t\t\t\t\t\t<div class=\"elementor-container elementor-column-gap-default\">\n\t\t\t\t\t<div class=\"elementor-column elementor-col-50 elementor-top-column elementor-element elementor-element-8980afc\" data-id=\"8980afc\" data-element_type=\"column\" data-e-type=\"column\">\n\t\t\t<div class=\"elementor-widget-wrap elementor-element-populated\">\n\t\t\t\t\t\t<div class=\"elementor-element elementor-element-c1bdeb6 elementor-invisible elementor-widget elementor-widget-rt-info-box\" data-id=\"c1bdeb6\" data-element_type=\"widget\" data-e-type=\"widget\" data-widget_type=\"rt-info-box.default\">\n\t\t\t\t<div class=\"elementor-widget-container\">\n\t\t\t\t\t<div class=\"info-box animted-bg-wrap info-style7 wow fadeInUp\" data-wow-delay=\"1s\" data-wow-duration=\"1s\">\n\t<div class=\"animted-bg\"><\/div>\n\t<div class=\"rtin-item media-icon\">\n\t\t \t\n\t\t\t\t\t<span class=\"rtin-icon\"><i class=\"far fa-check-circle\"><\/i><\/span>\n\t\t\t\t\t\t\t\t<h3 class=\"rtin-title\">Exp\u00e9rience utilisateur, navigation et facilit\u00e9 d\u2019utilisation incroyable <\/h3>\n\t\t\t\t<div class=\"rtin-text\">Gr\u00e2ce \u00e0 la solution SAP Employee Central, KARTOSA offre une gestion centralis\u00e9e et efficace des donn\u00e9es des employ\u00e9s. Cette plateforme conviviale et adaptative permet aux employ\u00e9s un acc\u00e8s facile \u00e0 leurs informations personnelles, avantages sociaux, \u00e9valuations de performance et possibilit\u00e9s d'\u00e9volution professionnelle.<\/div>\t\t\n\t\t\t\t\n\t\t\t<\/div>\n<\/div>\t\t\t\t<\/div>\n\t\t\t\t<\/div>\n\t\t\t\t\t<\/div>\n\t\t<\/div>\n\t\t\t\t<div class=\"elementor-column elementor-col-50 elementor-top-column elementor-element elementor-element-778d9ef\" data-id=\"778d9ef\" data-element_type=\"column\" data-e-type=\"column\">\n\t\t\t<div class=\"elementor-widget-wrap elementor-element-populated\">\n\t\t\t\t\t\t<div class=\"elementor-element elementor-element-6c2251b elementor-invisible elementor-widget elementor-widget-rt-info-box\" data-id=\"6c2251b\" data-element_type=\"widget\" data-e-type=\"widget\" data-widget_type=\"rt-info-box.default\">\n\t\t\t\t<div class=\"elementor-widget-container\">\n\t\t\t\t\t<div class=\"info-box animted-bg-wrap info-style7 wow fadeInUp\" data-wow-delay=\"1s\" data-wow-duration=\"1s\">\n\t<div class=\"animted-bg\"><\/div>\n\t<div class=\"rtin-item media-icon\">\n\t\t \t\n\t\t\t\t\t<span class=\"rtin-icon\"><i class=\"far fa-check-circle\"><\/i><\/span>\n\t\t\t\t\t\t\t\t<h3 class=\"rtin-title\">Ma\u00eetrise des co\u00fbts <\/h3>\n\t\t\t\t<div class=\"rtin-text\">Avec la g\u00e9n\u00e9ralisation des centres de services partag\u00e9s, la qualit\u00e9 d\u2019impl\u00e9mentation des processus et la fiabilit\u00e9 des traitements et du reporting deviennent un facteur direct de la ma\u00eetrise de co\u00fbts.<br>\n\nNos experts vous accompagnent dans la migration vers le SAP SuccessFactors Employee Central avec une m\u00e9thodologie \u00e9prouv\u00e9e, incluant des configurations pr\u00e9-\u00e9tablies, pour une mise en \u0153uvre rapide et efficace de SAP Employee Central.<\/div>\t\t\n\t\t\t\t\n\t\t\t<\/div>\n<\/div>\t\t\t\t<\/div>\n\t\t\t\t<\/div>\n\t\t\t\t\t<\/div>\n\t\t<\/div>\n\t\t\t\t\t<\/div>\n\t\t<\/section>\n\t\t\t\t<section class=\"elementor-section elementor-top-section elementor-element elementor-element-593911d elementor-section-stretched elementor-hidden-desktop elementor-hidden-tablet elementor-hidden-mobile elementor-section-boxed elementor-section-height-default elementor-section-height-default rt-parallax-bg-no\" data-id=\"593911d\" data-element_type=\"section\" data-e-type=\"section\" data-settings=\"{&quot;stretch_section&quot;:&quot;section-stretched&quot;,&quot;background_background&quot;:&quot;classic&quot;}\">\n\t\t\t\t\t\t\t<div class=\"elementor-background-overlay\"><\/div>\n\t\t\t\t\t\t\t<div class=\"elementor-container elementor-column-gap-default\">\n\t\t\t\t\t<div class=\"elementor-column elementor-col-100 elementor-top-column elementor-element elementor-element-204a9122\" data-id=\"204a9122\" data-element_type=\"column\" data-e-type=\"column\">\n\t\t\t<div class=\"elementor-widget-wrap elementor-element-populated\">\n\t\t\t\t\t\t<div class=\"elementor-element elementor-element-464cd134 elementor-widget elementor-widget-rt-cta\" data-id=\"464cd134\" data-element_type=\"widget\" data-e-type=\"widget\" data-widget_type=\"rt-cta.default\">\n\t\t\t\t<div class=\"elementor-widget-container\">\n\t\t\t\t\t<div class=\"cta-default cta-style1\">\n\t<div class=\"action-box\">\n\t\t\t\t<h5 class=\"rtin-subtitle\">Nous sommes \u00e0 votre disposition pour r\u00e9pondre \u00e0 vos questions !<\/h5>\n\t\t\t\t\t\t<h2 class=\"rtin-title\">Pr\u00eat \u00e0 transformer votre SIRH ?<\/h2>\n\t\t\t\t\n\t\t\t\t\t\n\t\t<div class=\"rtin-button\">\n\t\t\t<a class=\"button-style-2 btn-common rt-animation-out\" href=\"https:\/\/v2023.optimum-bs.com\/contact\/\">Commencez<svg\r\n            xmlns=\"http:\/\/www.w3.org\/2000\/svg\"\r\n            xmlns:xlink=\"http:\/\/www.w3.org\/1999\/xlink\"\r\n            width=\"34px\"\r\n            height=\"16px\"\r\n            viewBox=\"0 0 34.53 16\"\r\n            xml:space=\"preserve\"\r\n          >\r\n            <rect\r\n              class=\"rt-button-line\"\r\n              y=\"7.6\"\r\n              width=\"34\"\r\n              height=\".4\"\r\n            ><\/rect>\r\n            <g class=\"rt-button-cap-fake\">\r\n              <path\r\n                class=\"rt-button-cap\"\r\n                d=\"M25.83.7l.7-.7,8,8-.7.71Zm0,14.6,8-8,.71.71-8,8Z\"\r\n              ><\/path>\r\n            <\/g>\r\n          <\/svg><\/a>\n\t        <\/div>\t\t\n\t<\/div>\n<\/div>\t\t\t\t<\/div>\n\t\t\t\t<\/div>\n\t\t\t\t\t<\/div>\n\t\t<\/div>\n\t\t\t\t\t<\/div>\n\t\t<\/section>\n\t\t\t\t<\/div>\n\t\t","protected":false},"excerpt":{"rendered":"<p>SAP SuccessFactors Employee Central Optimisez votre processus de gestion du personnel et valorisez vos ressources humaines\u00a0! KARTOSA vous aide \u00e0 g\u00e9rer l&rsquo;ensemble de vos collaborateurs et \u00e0 am\u00e9liorer leurs exp\u00e9riences \u00e0 l&rsquo;aide d&rsquo;une plateforme RH unique \u00e0 l&rsquo;\u00e9chelle mondiale \u00ab SAP SuccessFactors Employee Central \u00bb A propos de SAP SuccessFactors Employee Central &nbsp; KARTOSA poss\u00e8de [&hellip;]<\/p>\n","protected":false},"author":1,"featured_media":0,"parent":0,"menu_order":0,"comment_status":"closed","ping_status":"closed","template":"elementor_header_footer","meta":{"footnotes":""},"class_list":["post-8319","page","type-page","status-publish","hentry"],"yoast_head":"<!-- This site is optimized with the Yoast SEO plugin v27.4 - https:\/\/yoast.com\/product\/yoast-seo-wordpress\/ -->\n<title>Employee Central et administration du personnel | SuccessFactors<\/title>\n<meta name=\"description\" content=\"SAP SuccessFactors Employee Central est une solution de gestion des ressources humaines (RH) bas\u00e9e sur le cloud qui vise \u00e0 simplifier la gestion de l&#039;administration du personnel\" \/>\n<meta name=\"robots\" content=\"index, follow, max-snippet:-1, max-image-preview:large, max-video-preview:-1\" \/>\n<link rel=\"canonical\" href=\"https:\/\/www.kartosa.com\/en\/employee-central-et-administration-du-personnel\/\" \/>\n<meta property=\"og:locale\" content=\"en_GB\" \/>\n<meta property=\"og:type\" content=\"article\" \/>\n<meta property=\"og:title\" content=\"Employee Central et administration du personnel | SuccessFactors\" \/>\n<meta property=\"og:description\" content=\"SAP SuccessFactors Employee Central est une solution de gestion des ressources humaines (RH) bas\u00e9e sur le cloud qui vise \u00e0 simplifier la gestion de l&#039;administration du personnel\" \/>\n<meta property=\"og:url\" content=\"https:\/\/www.kartosa.com\/en\/employee-central-et-administration-du-personnel\/\" \/>\n<meta property=\"og:site_name\" content=\"KARTOSA \u2014 Consultant SAP SuccessFactors &amp; SAP HR en France\" \/>\n<meta property=\"article:modified_time\" content=\"2026-02-23T09:05:46+00:00\" \/>\n<meta property=\"og:image\" content=\"https:\/\/www.kartosa.com\/wp-content\/uploads\/elementor\/thumbs\/Gemini_Generated_Image_9co1dd9co1dd9co1-rco2sf7633m2g8a7j5lktf3hd74tgu5o3aprambs8c.png\" \/>\n<meta name=\"twitter:card\" content=\"summary_large_image\" \/>\n<meta name=\"twitter:label1\" content=\"Estimated reading time\" \/>\n\t<meta name=\"twitter:data1\" content=\"2 minutes\" \/>\n<script type=\"application\/ld+json\" class=\"yoast-schema-graph\">{\"@context\":\"https:\\\/\\\/schema.org\",\"@graph\":[{\"@type\":\"WebPage\",\"@id\":\"https:\\\/\\\/www.kartosa.com\\\/employee-central-et-administration-du-personnel\\\/\",\"url\":\"https:\\\/\\\/www.kartosa.com\\\/employee-central-et-administration-du-personnel\\\/\",\"name\":\"Employee Central et administration du personnel | SuccessFactors\",\"isPartOf\":{\"@id\":\"https:\\\/\\\/www.kartosa.com\\\/#website\"},\"primaryImageOfPage\":{\"@id\":\"https:\\\/\\\/www.kartosa.com\\\/employee-central-et-administration-du-personnel\\\/#primaryimage\"},\"image\":{\"@id\":\"https:\\\/\\\/www.kartosa.com\\\/employee-central-et-administration-du-personnel\\\/#primaryimage\"},\"thumbnailUrl\":\"https:\\\/\\\/www.kartosa.com\\\/wp-content\\\/uploads\\\/elementor\\\/thumbs\\\/Gemini_Generated_Image_9co1dd9co1dd9co1-rco2sf7633m2g8a7j5lktf3hd74tgu5o3aprambs8c.png\",\"datePublished\":\"2023-05-11T10:48:03+00:00\",\"dateModified\":\"2026-02-23T09:05:46+00:00\",\"description\":\"SAP SuccessFactors Employee Central est une solution de gestion des ressources humaines (RH) bas\u00e9e sur le cloud qui vise \u00e0 simplifier la gestion de l'administration du personnel\",\"breadcrumb\":{\"@id\":\"https:\\\/\\\/www.kartosa.com\\\/employee-central-et-administration-du-personnel\\\/#breadcrumb\"},\"inLanguage\":\"en-GB\",\"potentialAction\":[{\"@type\":\"ReadAction\",\"target\":[\"https:\\\/\\\/www.kartosa.com\\\/employee-central-et-administration-du-personnel\\\/\"]}]},{\"@type\":\"ImageObject\",\"inLanguage\":\"en-GB\",\"@id\":\"https:\\\/\\\/www.kartosa.com\\\/employee-central-et-administration-du-personnel\\\/#primaryimage\",\"url\":\"https:\\\/\\\/www.kartosa.com\\\/wp-content\\\/uploads\\\/elementor\\\/thumbs\\\/Gemini_Generated_Image_9co1dd9co1dd9co1-rco2sf7633m2g8a7j5lktf3hd74tgu5o3aprambs8c.png\",\"contentUrl\":\"https:\\\/\\\/www.kartosa.com\\\/wp-content\\\/uploads\\\/elementor\\\/thumbs\\\/Gemini_Generated_Image_9co1dd9co1dd9co1-rco2sf7633m2g8a7j5lktf3hd74tgu5o3aprambs8c.png\"},{\"@type\":\"BreadcrumbList\",\"@id\":\"https:\\\/\\\/www.kartosa.com\\\/employee-central-et-administration-du-personnel\\\/#breadcrumb\",\"itemListElement\":[{\"@type\":\"ListItem\",\"position\":1,\"name\":\"Accueil\",\"item\":\"https:\\\/\\\/www.kartosa.com\\\/fr\\\/\"},{\"@type\":\"ListItem\",\"position\":2,\"name\":\"Employee Central et administration du personnel\"}]},{\"@type\":\"WebSite\",\"@id\":\"https:\\\/\\\/www.kartosa.com\\\/#website\",\"url\":\"https:\\\/\\\/www.kartosa.com\\\/\",\"name\":\"KARTOSA\",\"description\":\"\",\"potentialAction\":[{\"@type\":\"SearchAction\",\"target\":{\"@type\":\"EntryPoint\",\"urlTemplate\":\"https:\\\/\\\/www.kartosa.com\\\/?s={search_term_string}\"},\"query-input\":{\"@type\":\"PropertyValueSpecification\",\"valueRequired\":true,\"valueName\":\"search_term_string\"}}],\"inLanguage\":\"en-GB\"}]}<\/script>\n<!-- \/ Yoast SEO plugin. -->","yoast_head_json":{"title":"Employee Central et administration du personnel | SuccessFactors","description":"SAP SuccessFactors Employee Central est une solution de gestion des ressources humaines (RH) bas\u00e9e sur le cloud qui vise \u00e0 simplifier la gestion de l'administration du personnel","robots":{"index":"index","follow":"follow","max-snippet":"max-snippet:-1","max-image-preview":"max-image-preview:large","max-video-preview":"max-video-preview:-1"},"canonical":"https:\/\/www.kartosa.com\/en\/employee-central-et-administration-du-personnel\/","og_locale":"en_GB","og_type":"article","og_title":"Employee Central et administration du personnel | SuccessFactors","og_description":"SAP SuccessFactors Employee Central est une solution de gestion des ressources humaines (RH) bas\u00e9e sur le cloud qui vise \u00e0 simplifier la gestion de l'administration du personnel","og_url":"https:\/\/www.kartosa.com\/en\/employee-central-et-administration-du-personnel\/","og_site_name":"KARTOSA \u2014 Consultant SAP SuccessFactors &amp; SAP HR en France","article_modified_time":"2026-02-23T09:05:46+00:00","og_image":[{"url":"https:\/\/www.kartosa.com\/wp-content\/uploads\/elementor\/thumbs\/Gemini_Generated_Image_9co1dd9co1dd9co1-rco2sf7633m2g8a7j5lktf3hd74tgu5o3aprambs8c.png","type":"","width":"","height":""}],"twitter_card":"summary_large_image","twitter_misc":{"Estimated reading time":"2 minutes"},"schema":{"@context":"https:\/\/schema.org","@graph":[{"@type":"WebPage","@id":"https:\/\/www.kartosa.com\/employee-central-et-administration-du-personnel\/","url":"https:\/\/www.kartosa.com\/employee-central-et-administration-du-personnel\/","name":"Employee Central et administration du personnel | SuccessFactors","isPartOf":{"@id":"https:\/\/www.kartosa.com\/#website"},"primaryImageOfPage":{"@id":"https:\/\/www.kartosa.com\/employee-central-et-administration-du-personnel\/#primaryimage"},"image":{"@id":"https:\/\/www.kartosa.com\/employee-central-et-administration-du-personnel\/#primaryimage"},"thumbnailUrl":"https:\/\/www.kartosa.com\/wp-content\/uploads\/elementor\/thumbs\/Gemini_Generated_Image_9co1dd9co1dd9co1-rco2sf7633m2g8a7j5lktf3hd74tgu5o3aprambs8c.png","datePublished":"2023-05-11T10:48:03+00:00","dateModified":"2026-02-23T09:05:46+00:00","description":"SAP SuccessFactors Employee Central est une solution de gestion des ressources humaines (RH) bas\u00e9e sur le cloud qui vise \u00e0 simplifier la gestion de l'administration du personnel","breadcrumb":{"@id":"https:\/\/www.kartosa.com\/employee-central-et-administration-du-personnel\/#breadcrumb"},"inLanguage":"en-GB","potentialAction":[{"@type":"ReadAction","target":["https:\/\/www.kartosa.com\/employee-central-et-administration-du-personnel\/"]}]},{"@type":"ImageObject","inLanguage":"en-GB","@id":"https:\/\/www.kartosa.com\/employee-central-et-administration-du-personnel\/#primaryimage","url":"https:\/\/www.kartosa.com\/wp-content\/uploads\/elementor\/thumbs\/Gemini_Generated_Image_9co1dd9co1dd9co1-rco2sf7633m2g8a7j5lktf3hd74tgu5o3aprambs8c.png","contentUrl":"https:\/\/www.kartosa.com\/wp-content\/uploads\/elementor\/thumbs\/Gemini_Generated_Image_9co1dd9co1dd9co1-rco2sf7633m2g8a7j5lktf3hd74tgu5o3aprambs8c.png"},{"@type":"BreadcrumbList","@id":"https:\/\/www.kartosa.com\/employee-central-et-administration-du-personnel\/#breadcrumb","itemListElement":[{"@type":"ListItem","position":1,"name":"Accueil","item":"https:\/\/www.kartosa.com\/fr\/"},{"@type":"ListItem","position":2,"name":"Employee Central et administration du personnel"}]},{"@type":"WebSite","@id":"https:\/\/www.kartosa.com\/#website","url":"https:\/\/www.kartosa.com\/","name":"KARTOSA","description":"","potentialAction":[{"@type":"SearchAction","target":{"@type":"EntryPoint","urlTemplate":"https:\/\/www.kartosa.com\/?s={search_term_string}"},"query-input":{"@type":"PropertyValueSpecification","valueRequired":true,"valueName":"search_term_string"}}],"inLanguage":"en-GB"}]}},"_links":{"self":[{"href":"https:\/\/www.kartosa.com\/en\/wp-json\/wp\/v2\/pages\/8319","targetHints":{"allow":["GET"]}}],"collection":[{"href":"https:\/\/www.kartosa.com\/en\/wp-json\/wp\/v2\/pages"}],"about":[{"href":"https:\/\/www.kartosa.com\/en\/wp-json\/wp\/v2\/types\/page"}],"author":[{"embeddable":true,"href":"https:\/\/www.kartosa.com\/en\/wp-json\/wp\/v2\/users\/1"}],"replies":[{"embeddable":true,"href":"https:\/\/www.kartosa.com\/en\/wp-json\/wp\/v2\/comments?post=8319"}],"version-history":[{"count":0,"href":"https:\/\/www.kartosa.com\/en\/wp-json\/wp\/v2\/pages\/8319\/revisions"}],"wp:attachment":[{"href":"https:\/\/www.kartosa.com\/en\/wp-json\/wp\/v2\/media?parent=8319"}],"curies":[{"name":"wp","href":"https:\/\/api.w.org\/{rel}","templated":true}]}}