{"id":8572,"date":"2023-05-16T04:15:09","date_gmt":"2023-05-16T03:15:09","guid":{"rendered":"https:\/\/v2023.optimum-bs.com\/?page_id=8572"},"modified":"2026-02-18T11:10:21","modified_gmt":"2026-02-18T10:10:21","slug":"carrieres","status":"publish","type":"page","link":"https:\/\/www.kartosa.com\/en\/carrieres\/","title":{"rendered":"Careers"},"content":{"rendered":"<div data-elementor-type=\"wp-page\" data-elementor-id=\"8572\" class=\"elementor elementor-8572\" data-elementor-post-type=\"page\">\n\t\t\t\t\t\t<section class=\"elementor-section elementor-top-section elementor-element elementor-element-f232f55 elementor-section-stretched elementor-section-boxed elementor-section-height-default elementor-section-height-default rt-parallax-bg-no\" data-id=\"f232f55\" data-element_type=\"section\" data-e-type=\"section\" data-settings=\"{&quot;stretch_section&quot;:&quot;section-stretched&quot;}\">\n\t\t\t\t\t\t<div class=\"elementor-container elementor-column-gap-default\">\n\t\t\t\t\t<div class=\"elementor-column elementor-col-100 elementor-top-column elementor-element elementor-element-28671f2\" data-id=\"28671f2\" data-element_type=\"column\" data-e-type=\"column\">\n\t\t\t<div class=\"elementor-widget-wrap elementor-element-populated\">\n\t\t\t\t\t\t<div class=\"elementor-element elementor-element-3079078 elementor-invisible elementor-widget elementor-widget-rt-text-with-button\" data-id=\"3079078\" data-element_type=\"widget\" data-e-type=\"widget\" data-widget_type=\"rt-text-with-button.default\">\n\t\t\t\t<div class=\"elementor-widget-container\">\n\t\t\t\t\t<div class=\"title-text-button barhide text-style2\">\n\t\t\t\n\t<div class=\"rtin-content hide fadeInUp\" data-wow-delay=\"1.4s\" data-wow-duration=\"1s\"><p class=\"translation-block\"><strong>KARTOSA<\/strong>\u00a0places people at the core of its concerns. Our only capital is the talent of our team.<\/p><p>As part of its development strategy,\u00a0<strong>KARTOSA<\/strong> compte, d\u2019une part sur sa propre capacit\u00e9 \u00e0 former les jeunes talents aux meilleures pratiques du m\u00e9tier de consultant et aux meilleures techniques employ\u00e9es dans chaque phase du cycle de vie d\u2019un syst\u00e8me d\u2019information et d\u2019autre part sur sa volont\u00e9 d\u2019accompagner ses collaborateurs dans un parcours d\u2019\u00e9volution de carri\u00e8re individualis\u00e9.<\/p><p>We recruit young graduates or junior consultants with initial technical or functional experience from SAP HCM.<\/p><p>Consult our job offers below and send us your application with your CV and LM to\u00a0<a href=\"mailto:recrutement@kartosa.com\">recrutement@kartosa.com<\/a>. We'll be happy to consider your application and offer you positions within our company.<\/p><\/div>\n\t<\/div>\t\t\t\t<\/div>\n\t\t\t\t<\/div>\n\t\t\t\t\t<\/div>\n\t\t<\/div>\n\t\t\t\t\t<\/div>\n\t\t<\/section>\n\t\t\t\t<section class=\"elementor-section elementor-top-section elementor-element elementor-element-0304a1c carousel-icons elementor-section-boxed elementor-section-height-default elementor-section-height-default rt-parallax-bg-no\" data-id=\"0304a1c\" data-element_type=\"section\" data-e-type=\"section\" data-settings=\"{&quot;background_background&quot;:&quot;classic&quot;}\">\n\t\t\t\t\t\t<div class=\"elementor-container elementor-column-gap-default\">\n\t\t\t\t\t<div class=\"elementor-column elementor-col-100 elementor-top-column elementor-element elementor-element-98129dc\" data-id=\"98129dc\" data-element_type=\"column\" data-e-type=\"column\">\n\t\t\t<div class=\"elementor-widget-wrap elementor-element-populated\">\n\t\t\t\t\t\t<div class=\"elementor-element elementor-element-2558aa1 elementor-invisible elementor-widget elementor-widget-rt-title\" data-id=\"2558aa1\" data-element_type=\"widget\" data-e-type=\"widget\" data-widget_type=\"rt-title.default\">\n\t\t\t\t<div class=\"elementor-widget-container\">\n\t\t\t\t\t<div class=\"sec-title style3\">\n\t<div class=\"sec-title-holder\">\n\t\t\t\t<span class=\"sub-title hide fadeInUp\" data-wow-delay=\"1s\" data-wow-duration=\"1s\">Job offers<\/span>\n\t\t\t\t<h2 class=\"rtin-title hide fadeInUp\" data-wow-delay=\"1.2s\" data-wow-duration=\"1s\">SAP HCM Consultant<\/h2>\n\t<\/div>\n<\/div>\n\t\t\t\t<\/div>\n\t\t\t\t<\/div>\n\t\t\t\t<div class=\"elementor-element elementor-element-fe3e263 elementor-widget elementor-widget-text-editor\" data-id=\"fe3e263\" data-element_type=\"widget\" data-e-type=\"widget\" data-widget_type=\"text-editor.default\">\n\t\t\t\t\t\t\t\t\t<p class=\"translation-block\">As an SAP partner, KARTOSA supports its customers in the transformation and rationalization of their HR information systems. Our experience covers implementation and maintenance of systems  <strong>SAP SuccessFactors HXM Cloud and On-premise.<\/strong><\/p><p>Once again this year, KARTOSA is maintaining its policy of recruiting the best and the brightest.\u00a0<strong>Consultants exp\u00e9riment\u00e9<\/strong>\u00a0<strong>au sein de son si\u00e8ge \u00e0 Paris<\/strong>.<\/p><p><strong>Votre mission :<\/strong><\/p><ul><li>Analyze customers' payroll and time and activity management needs<\/li><li>Design and configure SAP Payroll and ATM solutions adapted to customers' specific legal and contractual requirements<\/li><li>Implement functional and technical tests of SAP Payroll and ATM solutions<\/li><li>Provide support and training for end users<\/li><li>Participate in monitoring and upgrading SAP Payroll and ATM solutions<\/li><\/ul><p><strong>Your profile :<\/strong><\/p><ul><li>You have at least 3 years' significant experience as an SAP Payroll and ATM consultant.<\/li><li>You are familiar with the SAP HCM-PA (Payroll) and SAP HCM-PT (Time Management) modules.<\/li><li>You are familiar with French payroll and time management rules.<\/li><li>You have good analytical, synthesis and communication skills.<\/li><li>You are recognized for your perseverance, your customer relations skills, your reliability and your ability to work as part of a team.<\/li><li>Your ability to adapt is combined with rigor and autonomy.<\/li><li>You have a good English level<\/li><\/ul><p><strong>Benefits:<\/strong><\/p><ul><li>Attractive and progressive remuneration according to profile and qualifications<\/li><li>Mutual insurance, provident fund, luncheon vouchers, telephone subscription, 100% transport reimbursement, company profit-sharing and collective and individual bonuses.<\/li><li>Hybrid working mode<\/li><li>Coaching pour d\u00e9velopper le sens de la mission et gagner en autonomie, visualiser l\u2019impact du travail fourni sur les r\u00e9sultats, responsabiliser et gagner en autonomie et en expertise<\/li><li>Opportunities for training and career development within a motivated and dynamic team<\/li><\/ul><p>If you are interested in this position, please send us your CV to the following address: <a href=\"mailto:recrutement@kartosa.com\">recrutement@kartosa.com<\/a>. We will contact you as soon as possible to arrange a meeting.<\/p>\t\t\t\t\t\t\t\t<\/div>\n\t\t\t\t\t<\/div>\n\t\t<\/div>\n\t\t\t\t\t<\/div>\n\t\t<\/section>\n\t\t\t\t<section class=\"elementor-section elementor-top-section elementor-element elementor-element-a78f844 elementor-section-boxed elementor-section-height-default elementor-section-height-default rt-parallax-bg-no\" data-id=\"a78f844\" data-element_type=\"section\" data-e-type=\"section\">\n\t\t\t\t\t\t<div class=\"elementor-container elementor-column-gap-default\">\n\t\t\t\t\t<div class=\"elementor-column elementor-col-100 elementor-top-column elementor-element elementor-element-d9d886d\" data-id=\"d9d886d\" data-element_type=\"column\" data-e-type=\"column\">\n\t\t\t<div class=\"elementor-widget-wrap\">\n\t\t\t\t\t\t\t<\/div>\n\t\t<\/div>\n\t\t\t\t\t<\/div>\n\t\t<\/section>\n\t\t\t\t<\/div>","protected":false},"excerpt":{"rendered":"<p>KARTOSA\u00a0place l\u2019humain au centre de ses pr\u00e9occupations. Notre seul capital \u00e9tant les talents de nos \u00e9quipes. Dans sa strat\u00e9gie de d\u00e9veloppement,\u00a0KARTOSA compte, d\u2019une part sur sa propre capacit\u00e9 \u00e0 former les jeunes talents aux meilleures pratiques du m\u00e9tier de consultant et aux meilleures techniques employ\u00e9es dans chaque phase du cycle de vie d\u2019un syst\u00e8me d\u2019information [&hellip;]<\/p>\n","protected":false},"author":1,"featured_media":0,"parent":0,"menu_order":0,"comment_status":"closed","ping_status":"closed","template":"elementor_header_footer","meta":{"footnotes":""},"class_list":["post-8572","page","type-page","status-publish","hentry"],"yoast_head":"<!-- This site is optimized with the Yoast SEO plugin v27.4 - https:\/\/yoast.com\/product\/yoast-seo-wordpress\/ -->\n<title>Carri\u00e8res KARTOSA | Consultants SAP HCM &amp; SuccessFactors<\/title>\n<meta name=\"description\" content=\"KARTOSA place l\u2019humain au centre de ses pr\u00e9occupations. Notre seul capital \u00e9tant les talents de nos \u00e9quipes.\" \/>\n<meta name=\"robots\" content=\"index, follow, max-snippet:-1, max-image-preview:large, max-video-preview:-1\" \/>\n<link rel=\"canonical\" href=\"https:\/\/www.kartosa.com\/en\/carrieres\/\" \/>\n<meta property=\"og:locale\" content=\"en_GB\" \/>\n<meta property=\"og:type\" content=\"article\" \/>\n<meta property=\"og:title\" content=\"Carri\u00e8res KARTOSA | Consultants SAP HCM &amp; SuccessFactors\" \/>\n<meta property=\"og:description\" content=\"KARTOSA place l\u2019humain au centre de ses pr\u00e9occupations. Notre seul capital \u00e9tant les talents de nos \u00e9quipes.\" \/>\n<meta property=\"og:url\" content=\"https:\/\/www.kartosa.com\/en\/carrieres\/\" \/>\n<meta property=\"og:site_name\" content=\"KARTOSA \u2014 Consultant SAP SuccessFactors &amp; SAP HR en France\" \/>\n<meta property=\"article:modified_time\" content=\"2026-02-18T10:10:21+00:00\" \/>\n<meta name=\"twitter:card\" content=\"summary_large_image\" \/>\n<meta name=\"twitter:label1\" content=\"Estimated reading time\" \/>\n\t<meta name=\"twitter:data1\" content=\"3 minutes\" \/>\n<script type=\"application\/ld+json\" class=\"yoast-schema-graph\">{\"@context\":\"https:\\\/\\\/schema.org\",\"@graph\":[{\"@type\":\"WebPage\",\"@id\":\"https:\\\/\\\/www.kartosa.com\\\/carrieres\\\/\",\"url\":\"https:\\\/\\\/www.kartosa.com\\\/carrieres\\\/\",\"name\":\"Carri\u00e8res KARTOSA | Consultants SAP HCM & SuccessFactors\",\"isPartOf\":{\"@id\":\"https:\\\/\\\/www.kartosa.com\\\/#website\"},\"datePublished\":\"2023-05-16T03:15:09+00:00\",\"dateModified\":\"2026-02-18T10:10:21+00:00\",\"description\":\"KARTOSA place l\u2019humain au centre de ses pr\u00e9occupations. Notre seul capital \u00e9tant les talents de nos \u00e9quipes.\",\"breadcrumb\":{\"@id\":\"https:\\\/\\\/www.kartosa.com\\\/carrieres\\\/#breadcrumb\"},\"inLanguage\":\"en-GB\",\"potentialAction\":[{\"@type\":\"ReadAction\",\"target\":[\"https:\\\/\\\/www.kartosa.com\\\/carrieres\\\/\"]}]},{\"@type\":\"BreadcrumbList\",\"@id\":\"https:\\\/\\\/www.kartosa.com\\\/carrieres\\\/#breadcrumb\",\"itemListElement\":[{\"@type\":\"ListItem\",\"position\":1,\"name\":\"Accueil\",\"item\":\"https:\\\/\\\/www.kartosa.com\\\/fr\\\/\"},{\"@type\":\"ListItem\",\"position\":2,\"name\":\"Carri\u00e8res\"}]},{\"@type\":\"WebSite\",\"@id\":\"https:\\\/\\\/www.kartosa.com\\\/#website\",\"url\":\"https:\\\/\\\/www.kartosa.com\\\/\",\"name\":\"KARTOSA\",\"description\":\"\",\"potentialAction\":[{\"@type\":\"SearchAction\",\"target\":{\"@type\":\"EntryPoint\",\"urlTemplate\":\"https:\\\/\\\/www.kartosa.com\\\/?s={search_term_string}\"},\"query-input\":{\"@type\":\"PropertyValueSpecification\",\"valueRequired\":true,\"valueName\":\"search_term_string\"}}],\"inLanguage\":\"en-GB\"}]}<\/script>\n<!-- \/ Yoast SEO plugin. -->","yoast_head_json":{"title":"Carri\u00e8res KARTOSA | Consultants SAP HCM & SuccessFactors","description":"KARTOSA place l\u2019humain au centre de ses pr\u00e9occupations. Notre seul capital \u00e9tant les talents de nos \u00e9quipes.","robots":{"index":"index","follow":"follow","max-snippet":"max-snippet:-1","max-image-preview":"max-image-preview:large","max-video-preview":"max-video-preview:-1"},"canonical":"https:\/\/www.kartosa.com\/en\/carrieres\/","og_locale":"en_GB","og_type":"article","og_title":"Carri\u00e8res KARTOSA | Consultants SAP HCM & SuccessFactors","og_description":"KARTOSA place l\u2019humain au centre de ses pr\u00e9occupations. Notre seul capital \u00e9tant les talents de nos \u00e9quipes.","og_url":"https:\/\/www.kartosa.com\/en\/carrieres\/","og_site_name":"KARTOSA \u2014 Consultant SAP SuccessFactors &amp; SAP HR en France","article_modified_time":"2026-02-18T10:10:21+00:00","twitter_card":"summary_large_image","twitter_misc":{"Estimated reading time":"3 minutes"},"schema":{"@context":"https:\/\/schema.org","@graph":[{"@type":"WebPage","@id":"https:\/\/www.kartosa.com\/carrieres\/","url":"https:\/\/www.kartosa.com\/carrieres\/","name":"Carri\u00e8res KARTOSA | Consultants SAP HCM & SuccessFactors","isPartOf":{"@id":"https:\/\/www.kartosa.com\/#website"},"datePublished":"2023-05-16T03:15:09+00:00","dateModified":"2026-02-18T10:10:21+00:00","description":"KARTOSA place l\u2019humain au centre de ses pr\u00e9occupations. Notre seul capital \u00e9tant les talents de nos \u00e9quipes.","breadcrumb":{"@id":"https:\/\/www.kartosa.com\/carrieres\/#breadcrumb"},"inLanguage":"en-GB","potentialAction":[{"@type":"ReadAction","target":["https:\/\/www.kartosa.com\/carrieres\/"]}]},{"@type":"BreadcrumbList","@id":"https:\/\/www.kartosa.com\/carrieres\/#breadcrumb","itemListElement":[{"@type":"ListItem","position":1,"name":"Accueil","item":"https:\/\/www.kartosa.com\/fr\/"},{"@type":"ListItem","position":2,"name":"Carri\u00e8res"}]},{"@type":"WebSite","@id":"https:\/\/www.kartosa.com\/#website","url":"https:\/\/www.kartosa.com\/","name":"KARTOSA","description":"","potentialAction":[{"@type":"SearchAction","target":{"@type":"EntryPoint","urlTemplate":"https:\/\/www.kartosa.com\/?s={search_term_string}"},"query-input":{"@type":"PropertyValueSpecification","valueRequired":true,"valueName":"search_term_string"}}],"inLanguage":"en-GB"}]}},"_links":{"self":[{"href":"https:\/\/www.kartosa.com\/en\/wp-json\/wp\/v2\/pages\/8572","targetHints":{"allow":["GET"]}}],"collection":[{"href":"https:\/\/www.kartosa.com\/en\/wp-json\/wp\/v2\/pages"}],"about":[{"href":"https:\/\/www.kartosa.com\/en\/wp-json\/wp\/v2\/types\/page"}],"author":[{"embeddable":true,"href":"https:\/\/www.kartosa.com\/en\/wp-json\/wp\/v2\/users\/1"}],"replies":[{"embeddable":true,"href":"https:\/\/www.kartosa.com\/en\/wp-json\/wp\/v2\/comments?post=8572"}],"version-history":[{"count":0,"href":"https:\/\/www.kartosa.com\/en\/wp-json\/wp\/v2\/pages\/8572\/revisions"}],"wp:attachment":[{"href":"https:\/\/www.kartosa.com\/en\/wp-json\/wp\/v2\/media?parent=8572"}],"curies":[{"name":"wp","href":"https:\/\/api.w.org\/{rel}","templated":true}]}}