{"id":8322,"date":"2023-05-11T11:51:17","date_gmt":"2023-05-11T10:51:17","guid":{"rendered":"https:\/\/v2023.optimum-bs.com\/?page_id=8322"},"modified":"2026-02-23T10:08:15","modified_gmt":"2026-02-23T09:08:15","slug":"gestion-des-talents","status":"publish","type":"page","link":"https:\/\/www.kartosa.com\/fr\/gestion-des-talents\/","title":{"rendered":"Gestion des Talents"},"content":{"rendered":"\t\t<div data-elementor-type=\"wp-page\" data-elementor-id=\"8322\" class=\"elementor elementor-8322\" data-elementor-post-type=\"page\">\n\t\t\t\t\t\t<section class=\"elementor-section elementor-top-section elementor-element elementor-element-f232f55 elementor-section-stretched elementor-section-boxed elementor-section-height-default elementor-section-height-default rt-parallax-bg-no\" data-id=\"f232f55\" data-element_type=\"section\" data-e-type=\"section\" data-settings=\"{&quot;stretch_section&quot;:&quot;section-stretched&quot;}\">\n\t\t\t\t\t\t<div class=\"elementor-container elementor-column-gap-default\">\n\t\t\t\t\t<div class=\"elementor-column elementor-col-50 elementor-top-column elementor-element elementor-element-4f5a2e0\" data-id=\"4f5a2e0\" data-element_type=\"column\" data-e-type=\"column\" data-settings=\"{&quot;animation&quot;:&quot;none&quot;}\">\n\t\t\t<div class=\"elementor-widget-wrap elementor-element-populated\">\n\t\t\t\t\t\t<div class=\"elementor-element elementor-element-3cb9db5 elementor-widget elementor-widget-image\" data-id=\"3cb9db5\" data-element_type=\"widget\" data-e-type=\"widget\" data-widget_type=\"image.default\">\n\t\t\t\t\t\t\t\t\t\t\t\t\t\t\t<img fetchpriority=\"high\" decoding=\"async\" width=\"768\" height=\"512\" src=\"https:\/\/www.kartosa.com\/wp-content\/uploads\/2023\/05\/HR-768x512-1.png\" class=\"attachment-large size-large wp-image-8328\" alt=\"\" srcset=\"https:\/\/www.kartosa.com\/wp-content\/uploads\/2023\/05\/HR-768x512-1.png 768w, https:\/\/www.kartosa.com\/wp-content\/uploads\/2023\/05\/HR-768x512-1-300x200.png 300w, https:\/\/www.kartosa.com\/wp-content\/uploads\/2023\/05\/HR-768x512-1-18x12.png 18w\" sizes=\"(max-width: 768px) 100vw, 768px\" \/>\t\t\t\t\t\t\t\t\t\t\t\t\t\t\t<\/div>\n\t\t\t\t\t<\/div>\n\t\t<\/div>\n\t\t\t\t<div class=\"elementor-column elementor-col-50 elementor-top-column elementor-element elementor-element-28671f2\" data-id=\"28671f2\" data-element_type=\"column\" data-e-type=\"column\">\n\t\t\t<div class=\"elementor-widget-wrap elementor-element-populated\">\n\t\t\t\t\t\t<div class=\"elementor-element elementor-element-3079078 elementor-invisible elementor-widget elementor-widget-rt-text-with-button\" data-id=\"3079078\" data-element_type=\"widget\" data-e-type=\"widget\" data-widget_type=\"rt-text-with-button.default\">\n\t\t\t\t<div class=\"elementor-widget-container\">\n\t\t\t\t\t<div class=\"title-text-button barhide text-style2\">\n\t\t\t<div class=\"subtitle hide fadeInUp\" data-wow-delay=\"1s\" data-wow-duration=\"1s\">SAP SucessFactors Talent Management Solution<\/div>\n\t\t\t\t<h2 class=\"rtin-title hide fadeInUp\" data-wow-delay=\"1.2s\" data-wow-duration=\"1s\">Attirez, formez et retenez les meilleurs talents\u00a0!\t\t\t\t\t<\/h2>\t\t\n\t\t\n\t<div class=\"rtin-content hide fadeInUp\" data-wow-delay=\"1.4s\" data-wow-duration=\"1s\"><p>Expert en impl\u00e9mentation SAP HXM : Maximisez votre Gestion des Talents et Transformez votre Exp\u00e9rience RH !<\/p><p>\u00a0<\/p><p>Vous pouvez recruter les meilleurs candidats, impliquer les collaborateurs, d\u00e9velopper leurs comp\u00e9tences et vous assurer que chacun d'entre eux est r\u00e9compens\u00e9 et valoris\u00e9 gr\u00e2ce \u00e0 des outils en libre-service mobiles, disponibles partout et \u00e0 tout moment.<\/p><\/div>\n\t<\/div>\t\t\t\t<\/div>\n\t\t\t\t<\/div>\n\t\t\t\t<div class=\"elementor-element elementor-element-81dc169 elementor-hidden-desktop elementor-hidden-tablet elementor-hidden-mobile elementor-invisible elementor-widget elementor-widget-rt-button\" data-id=\"81dc169\" data-element_type=\"widget\" data-e-type=\"widget\" data-widget_type=\"rt-button.default\">\n\t\t\t\t<div class=\"elementor-widget-container\">\n\t\t\t\t\t<div class=\"rtin-button hide fadeInUp\" data-wow-delay=\"1s\" data-wow-duration=\"1s\">\n\t\t\t<a class=\"button-style-2 btn-common rt-animation-out\" href=\"https:\/\/www.sap.com\/france\/products\/hcm\/talent-management.html\" target=\"_blank\">En savoir plus sur SAP SucessFactors Talent Management Solution<svg\r\n            xmlns=\"http:\/\/www.w3.org\/2000\/svg\"\r\n            xmlns:xlink=\"http:\/\/www.w3.org\/1999\/xlink\"\r\n            width=\"34px\"\r\n            height=\"16px\"\r\n            viewBox=\"0 0 34.53 16\"\r\n            xml:space=\"preserve\"\r\n          >\r\n            <rect\r\n              class=\"rt-button-line\"\r\n              y=\"7.6\"\r\n              width=\"34\"\r\n              height=\".4\"\r\n            ><\/rect>\r\n            <g class=\"rt-button-cap-fake\">\r\n              <path\r\n                class=\"rt-button-cap\"\r\n                d=\"M25.83.7l.7-.7,8,8-.7.71Zm0,14.6,8-8,.71.71-8,8Z\"\r\n              ><\/path>\r\n            <\/g>\r\n          <\/svg><\/a>\n\t<\/div>\t\t\t\t<\/div>\n\t\t\t\t<\/div>\n\t\t\t\t\t<\/div>\n\t\t<\/div>\n\t\t\t\t\t<\/div>\n\t\t<\/section>\n\t\t\t\t<section class=\"elementor-section elementor-top-section elementor-element elementor-element-0304a1c carousel-icons elementor-section-boxed elementor-section-height-default elementor-section-height-default rt-parallax-bg-no\" data-id=\"0304a1c\" data-element_type=\"section\" data-e-type=\"section\" data-settings=\"{&quot;background_background&quot;:&quot;classic&quot;}\">\n\t\t\t\t\t\t<div class=\"elementor-container elementor-column-gap-default\">\n\t\t\t\t\t<div class=\"elementor-column elementor-col-100 elementor-top-column elementor-element elementor-element-98129dc\" data-id=\"98129dc\" data-element_type=\"column\" data-e-type=\"column\">\n\t\t\t<div class=\"elementor-widget-wrap elementor-element-populated\">\n\t\t\t\t\t\t<div class=\"elementor-element elementor-element-ac28f86 elementor-widget elementor-widget-heading\" data-id=\"ac28f86\" data-element_type=\"widget\" data-e-type=\"widget\" data-widget_type=\"heading.default\">\n\t\t\t\t\t<h2 class=\"elementor-heading-title elementor-size-default\">Comment pouvons-nous vous aider avec SAP HXM suite ? <\/h2>\t\t\t\t<\/div>\n\t\t\t\t\t<\/div>\n\t\t<\/div>\n\t\t\t\t\t<\/div>\n\t\t<\/section>\n\t\t\t\t<section class=\"elementor-section elementor-top-section elementor-element elementor-element-a2880d6 elementor-section-boxed elementor-section-height-default elementor-section-height-default rt-parallax-bg-no\" data-id=\"a2880d6\" data-element_type=\"section\" data-e-type=\"section\">\n\t\t\t\t\t\t<div class=\"elementor-container elementor-column-gap-default\">\n\t\t\t\t\t<div class=\"elementor-column elementor-col-100 elementor-top-column elementor-element elementor-element-be5eea4\" data-id=\"be5eea4\" data-element_type=\"column\" data-e-type=\"column\">\n\t\t\t<div class=\"elementor-widget-wrap elementor-element-populated\">\n\t\t\t\t\t\t<div class=\"elementor-element elementor-element-cea3a86 elementor-widget elementor-widget-text-editor\" data-id=\"cea3a86\" data-element_type=\"widget\" data-e-type=\"widget\" data-widget_type=\"text-editor.default\">\n\t\t\t\t\t\t\t\t\t<p>En tant que partenaire SAP, nous mettons \u00e0 votre disposition notre \u00e9quipe de consultants SAP HXM, poss\u00e9dant une expertise approfondie dans la configuration et l&rsquo;optimisation de la suite SAP HXM pour r\u00e9pondre aux besoins sp\u00e9cifiques de votre entreprise.<\/p><p data-start=\"1319\" data-end=\"1366\">Nous couvrons l\u2019ensemble des modules Talent :<\/p><p data-start=\"819\" data-end=\"955\"><strong data-start=\"819\" data-end=\"846\">Performance &amp; Objectifs<\/strong> : suivi en temps r\u00e9el, objectifs align\u00e9s sur la strat\u00e9gie, feedback continu et pilotage de la performance.<\/p><p data-start=\"958\" data-end=\"1094\"><strong data-start=\"958\" data-end=\"988\">Succession &amp; D\u00e9veloppement<\/strong> : identification des talents cl\u00e9s, plans de rel\u00e8ve robustes et accompagnement des parcours de carri\u00e8re.<\/p><p data-start=\"1097\" data-end=\"1244\"><strong data-start=\"1097\" data-end=\"1138\">Comp\u00e9tences &amp; Talent Intelligence Hub<\/strong> : cartographie dynamique des comp\u00e9tences, IA de recommandation et plans de d\u00e9veloppement personnalis\u00e9s.<\/p><p data-start=\"1247\" data-end=\"1384\"><strong data-start=\"1247\" data-end=\"1272\">Engagement &amp; Feedback<\/strong> : enqu\u00eates \u201cpulse\u201d, \u00e9coute en continu et dispositifs de reconnaissance pour renforcer la culture du feedback<\/p><p data-start=\"1247\" data-end=\"1384\"><strong data-start=\"1387\" data-end=\"1408\">Learning connect\u00e9<\/strong> : int\u00e9gration fluide entre formation, performance et comp\u00e9tences pour soutenir la mont\u00e9e en puissance des collaborateurs.<\/p>\t\t\t\t\t\t\t\t<\/div>\n\t\t\t\t\t<\/div>\n\t\t<\/div>\n\t\t\t\t\t<\/div>\n\t\t<\/section>\n\t\t\t\t<section class=\"elementor-section elementor-top-section elementor-element elementor-element-a78f844 elementor-section-boxed elementor-section-height-default elementor-section-height-default rt-parallax-bg-no\" data-id=\"a78f844\" data-element_type=\"section\" data-e-type=\"section\">\n\t\t\t\t\t\t<div class=\"elementor-container elementor-column-gap-default\">\n\t\t\t\t\t<div class=\"elementor-column elementor-col-100 elementor-top-column elementor-element elementor-element-d9d886d\" data-id=\"d9d886d\" data-element_type=\"column\" data-e-type=\"column\">\n\t\t\t<div class=\"elementor-widget-wrap elementor-element-populated\">\n\t\t\t\t\t\t<div class=\"elementor-element elementor-element-27988e3 elementor-widget elementor-widget-text-editor\" data-id=\"27988e3\" data-element_type=\"widget\" data-e-type=\"widget\" data-widget_type=\"text-editor.default\">\n\t\t\t\t\t\t\t\t\t<div class=\"group w-full text-gray-800 dark:text-gray-100 border-b border-black\/10 dark:border-gray-900\/50 bg-gray-50 dark:bg-[#444654]\"><div class=\"flex p-4 gap-4 text-base md:gap-6 md:max-w-2xl lg:max-w-xl xl:max-w-3xl md:py-6 lg:px-0 m-auto\"><div class=\"relative flex w-[calc(100%-50px)] flex-col gap-1 md:gap-3 lg:w-[calc(100%-115px)]\"><div class=\"flex flex-grow flex-col gap-3\"><div class=\"min-h-[20px] flex flex-col items-start gap-4 whitespace-pre-wrap break-words\"><div class=\"markdown prose w-full break-words dark:prose-invert light\"><p style=\"text-align: left;\">\u00ab\u00a0Plus de 50 projets r\u00e9alis\u00e9s avec succ\u00e8s t\u00e9moignent de notre expertise in\u00e9gal\u00e9e dans l&rsquo;impl\u00e9mentation de la suite SAP HXM, faisant de nous le partenaire id\u00e9al pour transformer votre strat\u00e9gie RH et optimiser votre capital humain.\u00a0\u00bb<\/p><\/div><\/div><\/div><\/div><\/div><\/div>\t\t\t\t\t\t\t\t<\/div>\n\t\t\t\t<div class=\"elementor-element elementor-element-e8c91b5 elementor-invisible elementor-widget elementor-widget-rt-button\" data-id=\"e8c91b5\" data-element_type=\"widget\" data-e-type=\"widget\" data-widget_type=\"rt-button.default\">\n\t\t\t\t<div class=\"elementor-widget-container\">\n\t\t\t\t\t<div class=\"rtin-button hide fadeInUp\" data-wow-delay=\"1s\" data-wow-duration=\"1s\">\n\t\t\t<a class=\"button-style-2 btn-common rt-animation-out\" href=\"https:\/\/meetings-eu1.hubspot.com\/alan-cambourieu?uuid=b1f4a7c5-4988-455d-a406-b9380753044b\" target=\"_blank\">Demander une d\u00e9mo<svg\r\n            xmlns=\"http:\/\/www.w3.org\/2000\/svg\"\r\n            xmlns:xlink=\"http:\/\/www.w3.org\/1999\/xlink\"\r\n            width=\"34px\"\r\n            height=\"16px\"\r\n            viewBox=\"0 0 34.53 16\"\r\n            xml:space=\"preserve\"\r\n          >\r\n            <rect\r\n              class=\"rt-button-line\"\r\n              y=\"7.6\"\r\n              width=\"34\"\r\n              height=\".4\"\r\n            ><\/rect>\r\n            <g class=\"rt-button-cap-fake\">\r\n              <path\r\n                class=\"rt-button-cap\"\r\n                d=\"M25.83.7l.7-.7,8,8-.7.71Zm0,14.6,8-8,.71.71-8,8Z\"\r\n              ><\/path>\r\n            <\/g>\r\n          <\/svg><\/a>\n\t<\/div>\t\t\t\t<\/div>\n\t\t\t\t<\/div>\n\t\t\t\t\t<\/div>\n\t\t<\/div>\n\t\t\t\t\t<\/div>\n\t\t<\/section>\n\t\t\t\t<section class=\"elementor-section elementor-top-section elementor-element elementor-element-593911d elementor-section-stretched elementor-hidden-desktop elementor-hidden-tablet elementor-hidden-mobile elementor-section-boxed elementor-section-height-default elementor-section-height-default rt-parallax-bg-no\" data-id=\"593911d\" data-element_type=\"section\" data-e-type=\"section\" data-settings=\"{&quot;stretch_section&quot;:&quot;section-stretched&quot;,&quot;background_background&quot;:&quot;classic&quot;}\">\n\t\t\t\t\t\t\t<div class=\"elementor-background-overlay\"><\/div>\n\t\t\t\t\t\t\t<div class=\"elementor-container elementor-column-gap-default\">\n\t\t\t\t\t<div class=\"elementor-column elementor-col-100 elementor-top-column elementor-element elementor-element-204a9122\" data-id=\"204a9122\" data-element_type=\"column\" data-e-type=\"column\">\n\t\t\t<div class=\"elementor-widget-wrap elementor-element-populated\">\n\t\t\t\t\t\t<div class=\"elementor-element elementor-element-464cd134 elementor-widget elementor-widget-rt-cta\" data-id=\"464cd134\" data-element_type=\"widget\" data-e-type=\"widget\" data-widget_type=\"rt-cta.default\">\n\t\t\t\t<div class=\"elementor-widget-container\">\n\t\t\t\t\t<div class=\"cta-default cta-style1\">\n\t<div class=\"action-box\">\n\t\t\t\t<h5 class=\"rtin-subtitle\">Nous sommes \u00e0 votre disposition pour r\u00e9pondre \u00e0 vos questions !<\/h5>\n\t\t\t\t\t\t<h2 class=\"rtin-title\">Pr\u00eat \u00e0 transformer votre SIRH ?<\/h2>\n\t\t\t\t\n\t\t\t\t\t\n\t\t<div class=\"rtin-button\">\n\t\t\t<a class=\"button-style-2 btn-common rt-animation-out\" href=\"https:\/\/v2023.optimum-bs.com\/contact\/\">Commencez<svg\r\n            xmlns=\"http:\/\/www.w3.org\/2000\/svg\"\r\n            xmlns:xlink=\"http:\/\/www.w3.org\/1999\/xlink\"\r\n            width=\"34px\"\r\n            height=\"16px\"\r\n            viewBox=\"0 0 34.53 16\"\r\n            xml:space=\"preserve\"\r\n          >\r\n            <rect\r\n              class=\"rt-button-line\"\r\n              y=\"7.6\"\r\n              width=\"34\"\r\n              height=\".4\"\r\n            ><\/rect>\r\n            <g class=\"rt-button-cap-fake\">\r\n              <path\r\n                class=\"rt-button-cap\"\r\n                d=\"M25.83.7l.7-.7,8,8-.7.71Zm0,14.6,8-8,.71.71-8,8Z\"\r\n              ><\/path>\r\n            <\/g>\r\n          <\/svg><\/a>\n\t        <\/div>\t\t\n\t<\/div>\n<\/div>\t\t\t\t<\/div>\n\t\t\t\t<\/div>\n\t\t\t\t\t<\/div>\n\t\t<\/div>\n\t\t\t\t\t<\/div>\n\t\t<\/section>\n\t\t\t\t<\/div>\n\t\t","protected":false},"excerpt":{"rendered":"<p>SAP SucessFactors Talent Management Solution Attirez, formez et retenez les meilleurs talents\u00a0! Expert en impl\u00e9mentation SAP HXM : Maximisez votre Gestion des Talents et Transformez votre Exp\u00e9rience RH ! Vous pouvez recruter les meilleurs candidats, impliquer les collaborateurs, d\u00e9velopper leurs comp\u00e9tences et vous assurer que chacun d&rsquo;entre eux est r\u00e9compens\u00e9 et valoris\u00e9 gr\u00e2ce \u00e0 des [&hellip;]<\/p>\n","protected":false},"author":1,"featured_media":0,"parent":0,"menu_order":0,"comment_status":"closed","ping_status":"closed","template":"elementor_header_footer","meta":{"footnotes":""},"class_list":["post-8322","page","type-page","status-publish","hentry"],"yoast_head":"<!-- This site is optimized with the Yoast SEO plugin v27.4 - https:\/\/yoast.com\/product\/yoast-seo-wordpress\/ -->\n<title>Boostez la Gestion des Talents avec SAP SuccessFactors<\/title>\n<meta name=\"description\" content=\"D\u00e9couvrez comment SAP SuccessFactors vous aide \u00e0 g\u00e9rer, d\u00e9velopper et retenir les talents cl\u00e9s de votre entreprise gr\u00e2ce \u00e0 des solutions innovantes de recrutement, de formation et d&#039;\u00e9valuation.\" \/>\n<meta name=\"robots\" content=\"index, follow, max-snippet:-1, max-image-preview:large, max-video-preview:-1\" \/>\n<link rel=\"canonical\" href=\"https:\/\/www.kartosa.com\/fr\/gestion-des-talents\/\" \/>\n<meta property=\"og:locale\" content=\"fr_FR\" \/>\n<meta property=\"og:type\" content=\"article\" \/>\n<meta property=\"og:title\" content=\"Boostez la Gestion des Talents avec SAP SuccessFactors\" \/>\n<meta property=\"og:description\" content=\"D\u00e9couvrez comment SAP SuccessFactors vous aide \u00e0 g\u00e9rer, d\u00e9velopper et retenir les talents cl\u00e9s de votre entreprise gr\u00e2ce \u00e0 des solutions innovantes de recrutement, de formation et d&#039;\u00e9valuation.\" \/>\n<meta property=\"og:url\" content=\"https:\/\/www.kartosa.com\/fr\/gestion-des-talents\/\" \/>\n<meta property=\"og:site_name\" content=\"KARTOSA \u2014 Consultant SAP SuccessFactors &amp; SAP HR en France\" \/>\n<meta property=\"article:modified_time\" content=\"2026-02-23T09:08:15+00:00\" \/>\n<meta property=\"og:image\" content=\"https:\/\/www.kartosa.com\/wp-content\/uploads\/2023\/05\/HR-768x512-1.png\" \/>\n<meta name=\"twitter:card\" content=\"summary_large_image\" \/>\n<meta name=\"twitter:label1\" content=\"Dur\u00e9e de lecture estim\u00e9e\" \/>\n\t<meta name=\"twitter:data1\" content=\"2 minutes\" \/>\n<script type=\"application\/ld+json\" class=\"yoast-schema-graph\">{\"@context\":\"https:\\\/\\\/schema.org\",\"@graph\":[{\"@type\":\"WebPage\",\"@id\":\"https:\\\/\\\/www.kartosa.com\\\/gestion-des-talents\\\/\",\"url\":\"https:\\\/\\\/www.kartosa.com\\\/gestion-des-talents\\\/\",\"name\":\"Boostez la Gestion des Talents avec SAP SuccessFactors\",\"isPartOf\":{\"@id\":\"https:\\\/\\\/www.kartosa.com\\\/#website\"},\"primaryImageOfPage\":{\"@id\":\"https:\\\/\\\/www.kartosa.com\\\/gestion-des-talents\\\/#primaryimage\"},\"image\":{\"@id\":\"https:\\\/\\\/www.kartosa.com\\\/gestion-des-talents\\\/#primaryimage\"},\"thumbnailUrl\":\"https:\\\/\\\/www.kartosa.com\\\/wp-content\\\/uploads\\\/2023\\\/05\\\/HR-768x512-1.png\",\"datePublished\":\"2023-05-11T10:51:17+00:00\",\"dateModified\":\"2026-02-23T09:08:15+00:00\",\"description\":\"D\u00e9couvrez comment SAP SuccessFactors vous aide \u00e0 g\u00e9rer, d\u00e9velopper et retenir les talents cl\u00e9s de votre entreprise gr\u00e2ce \u00e0 des solutions innovantes de recrutement, de formation et d'\u00e9valuation.\",\"breadcrumb\":{\"@id\":\"https:\\\/\\\/www.kartosa.com\\\/gestion-des-talents\\\/#breadcrumb\"},\"inLanguage\":\"fr-FR\",\"potentialAction\":[{\"@type\":\"ReadAction\",\"target\":[\"https:\\\/\\\/www.kartosa.com\\\/gestion-des-talents\\\/\"]}]},{\"@type\":\"ImageObject\",\"inLanguage\":\"fr-FR\",\"@id\":\"https:\\\/\\\/www.kartosa.com\\\/gestion-des-talents\\\/#primaryimage\",\"url\":\"https:\\\/\\\/www.kartosa.com\\\/wp-content\\\/uploads\\\/2023\\\/05\\\/HR-768x512-1.png\",\"contentUrl\":\"https:\\\/\\\/www.kartosa.com\\\/wp-content\\\/uploads\\\/2023\\\/05\\\/HR-768x512-1.png\"},{\"@type\":\"BreadcrumbList\",\"@id\":\"https:\\\/\\\/www.kartosa.com\\\/gestion-des-talents\\\/#breadcrumb\",\"itemListElement\":[{\"@type\":\"ListItem\",\"position\":1,\"name\":\"Accueil\",\"item\":\"https:\\\/\\\/www.kartosa.com\\\/fr\\\/\"},{\"@type\":\"ListItem\",\"position\":2,\"name\":\"Gestion des Talents\"}]},{\"@type\":\"WebSite\",\"@id\":\"https:\\\/\\\/www.kartosa.com\\\/#website\",\"url\":\"https:\\\/\\\/www.kartosa.com\\\/\",\"name\":\"KARTOSA\",\"description\":\"\",\"potentialAction\":[{\"@type\":\"SearchAction\",\"target\":{\"@type\":\"EntryPoint\",\"urlTemplate\":\"https:\\\/\\\/www.kartosa.com\\\/?s={search_term_string}\"},\"query-input\":{\"@type\":\"PropertyValueSpecification\",\"valueRequired\":true,\"valueName\":\"search_term_string\"}}],\"inLanguage\":\"fr-FR\"}]}<\/script>\n<!-- \/ Yoast SEO plugin. -->","yoast_head_json":{"title":"Boostez la Gestion des Talents avec SAP SuccessFactors","description":"D\u00e9couvrez comment SAP SuccessFactors vous aide \u00e0 g\u00e9rer, d\u00e9velopper et retenir les talents cl\u00e9s de votre entreprise gr\u00e2ce \u00e0 des solutions innovantes de recrutement, de formation et d'\u00e9valuation.","robots":{"index":"index","follow":"follow","max-snippet":"max-snippet:-1","max-image-preview":"max-image-preview:large","max-video-preview":"max-video-preview:-1"},"canonical":"https:\/\/www.kartosa.com\/fr\/gestion-des-talents\/","og_locale":"fr_FR","og_type":"article","og_title":"Boostez la Gestion des Talents avec SAP SuccessFactors","og_description":"D\u00e9couvrez comment SAP SuccessFactors vous aide \u00e0 g\u00e9rer, d\u00e9velopper et retenir les talents cl\u00e9s de votre entreprise gr\u00e2ce \u00e0 des solutions innovantes de recrutement, de formation et d'\u00e9valuation.","og_url":"https:\/\/www.kartosa.com\/fr\/gestion-des-talents\/","og_site_name":"KARTOSA \u2014 Consultant SAP SuccessFactors &amp; SAP HR en France","article_modified_time":"2026-02-23T09:08:15+00:00","og_image":[{"url":"https:\/\/www.kartosa.com\/wp-content\/uploads\/2023\/05\/HR-768x512-1.png","type":"","width":"","height":""}],"twitter_card":"summary_large_image","twitter_misc":{"Dur\u00e9e de lecture estim\u00e9e":"2 minutes"},"schema":{"@context":"https:\/\/schema.org","@graph":[{"@type":"WebPage","@id":"https:\/\/www.kartosa.com\/gestion-des-talents\/","url":"https:\/\/www.kartosa.com\/gestion-des-talents\/","name":"Boostez la Gestion des Talents avec SAP SuccessFactors","isPartOf":{"@id":"https:\/\/www.kartosa.com\/#website"},"primaryImageOfPage":{"@id":"https:\/\/www.kartosa.com\/gestion-des-talents\/#primaryimage"},"image":{"@id":"https:\/\/www.kartosa.com\/gestion-des-talents\/#primaryimage"},"thumbnailUrl":"https:\/\/www.kartosa.com\/wp-content\/uploads\/2023\/05\/HR-768x512-1.png","datePublished":"2023-05-11T10:51:17+00:00","dateModified":"2026-02-23T09:08:15+00:00","description":"D\u00e9couvrez comment SAP SuccessFactors vous aide \u00e0 g\u00e9rer, d\u00e9velopper et retenir les talents cl\u00e9s de votre entreprise gr\u00e2ce \u00e0 des solutions innovantes de recrutement, de formation et d'\u00e9valuation.","breadcrumb":{"@id":"https:\/\/www.kartosa.com\/gestion-des-talents\/#breadcrumb"},"inLanguage":"fr-FR","potentialAction":[{"@type":"ReadAction","target":["https:\/\/www.kartosa.com\/gestion-des-talents\/"]}]},{"@type":"ImageObject","inLanguage":"fr-FR","@id":"https:\/\/www.kartosa.com\/gestion-des-talents\/#primaryimage","url":"https:\/\/www.kartosa.com\/wp-content\/uploads\/2023\/05\/HR-768x512-1.png","contentUrl":"https:\/\/www.kartosa.com\/wp-content\/uploads\/2023\/05\/HR-768x512-1.png"},{"@type":"BreadcrumbList","@id":"https:\/\/www.kartosa.com\/gestion-des-talents\/#breadcrumb","itemListElement":[{"@type":"ListItem","position":1,"name":"Accueil","item":"https:\/\/www.kartosa.com\/fr\/"},{"@type":"ListItem","position":2,"name":"Gestion des Talents"}]},{"@type":"WebSite","@id":"https:\/\/www.kartosa.com\/#website","url":"https:\/\/www.kartosa.com\/","name":"KARTOSA","description":"","potentialAction":[{"@type":"SearchAction","target":{"@type":"EntryPoint","urlTemplate":"https:\/\/www.kartosa.com\/?s={search_term_string}"},"query-input":{"@type":"PropertyValueSpecification","valueRequired":true,"valueName":"search_term_string"}}],"inLanguage":"fr-FR"}]}},"_links":{"self":[{"href":"https:\/\/www.kartosa.com\/fr\/wp-json\/wp\/v2\/pages\/8322","targetHints":{"allow":["GET"]}}],"collection":[{"href":"https:\/\/www.kartosa.com\/fr\/wp-json\/wp\/v2\/pages"}],"about":[{"href":"https:\/\/www.kartosa.com\/fr\/wp-json\/wp\/v2\/types\/page"}],"author":[{"embeddable":true,"href":"https:\/\/www.kartosa.com\/fr\/wp-json\/wp\/v2\/users\/1"}],"replies":[{"embeddable":true,"href":"https:\/\/www.kartosa.com\/fr\/wp-json\/wp\/v2\/comments?post=8322"}],"version-history":[{"count":0,"href":"https:\/\/www.kartosa.com\/fr\/wp-json\/wp\/v2\/pages\/8322\/revisions"}],"wp:attachment":[{"href":"https:\/\/www.kartosa.com\/fr\/wp-json\/wp\/v2\/media?parent=8322"}],"curies":[{"name":"wp","href":"https:\/\/api.w.org\/{rel}","templated":true}]}}