{"id":8572,"date":"2023-05-16T04:15:09","date_gmt":"2023-05-16T03:15:09","guid":{"rendered":"https:\/\/v2023.optimum-bs.com\/?page_id=8572"},"modified":"2026-02-18T11:10:21","modified_gmt":"2026-02-18T10:10:21","slug":"carrieres","status":"publish","type":"page","link":"https:\/\/www.kartosa.com\/fr\/carrieres\/","title":{"rendered":"Carri\u00e8res"},"content":{"rendered":"\t\t<div data-elementor-type=\"wp-page\" data-elementor-id=\"8572\" class=\"elementor elementor-8572\" data-elementor-post-type=\"page\">\n\t\t\t\t\t\t<section class=\"elementor-section elementor-top-section elementor-element elementor-element-f232f55 elementor-section-stretched elementor-section-boxed elementor-section-height-default elementor-section-height-default rt-parallax-bg-no\" data-id=\"f232f55\" data-element_type=\"section\" data-e-type=\"section\" data-settings=\"{&quot;stretch_section&quot;:&quot;section-stretched&quot;}\">\n\t\t\t\t\t\t<div class=\"elementor-container elementor-column-gap-default\">\n\t\t\t\t\t<div class=\"elementor-column elementor-col-100 elementor-top-column elementor-element elementor-element-28671f2\" data-id=\"28671f2\" data-element_type=\"column\" data-e-type=\"column\">\n\t\t\t<div class=\"elementor-widget-wrap elementor-element-populated\">\n\t\t\t\t\t\t<div class=\"elementor-element elementor-element-3079078 elementor-invisible elementor-widget elementor-widget-rt-text-with-button\" data-id=\"3079078\" data-element_type=\"widget\" data-e-type=\"widget\" data-widget_type=\"rt-text-with-button.default\">\n\t\t\t\t<div class=\"elementor-widget-container\">\n\t\t\t\t\t<div class=\"title-text-button barhide text-style2\">\n\t\t\t\n\t<div class=\"rtin-content hide fadeInUp\" data-wow-delay=\"1.4s\" data-wow-duration=\"1s\"><p><strong>KARTOSA<\/strong>\u00a0place l\u2019humain au centre de ses pr\u00e9occupations. Notre seul capital \u00e9tant les talents de nos \u00e9quipes.<\/p><p>Dans sa strat\u00e9gie de d\u00e9veloppement,\u00a0<strong>KARTOSA<\/strong> compte, d\u2019une part sur sa propre capacit\u00e9 \u00e0 former les jeunes talents aux meilleures pratiques du m\u00e9tier de consultant et aux meilleures techniques employ\u00e9es dans chaque phase du cycle de vie d\u2019un syst\u00e8me d\u2019information et d\u2019autre part sur sa volont\u00e9 d\u2019accompagner ses collaborateurs dans un parcours d\u2019\u00e9volution de carri\u00e8re individualis\u00e9.<\/p><p>Nous recrutons des jeunes dipl\u00f4m\u00e9s ou des consultants juniors ayant une premi\u00e8re exp\u00e9rience technique ou fonctionnelle en\u00a0SAP HCM.<\/p><p>Consultez nos offres ci-dessous et adressez-nous votre candidature avec votre CV et LM \u00e0\u00a0<a href=\"mailto:recrutement@kartosa.com\">recrutement@kartosa.com<\/a>. Nous serons heureux de l\u2019\u00e9tudier et de vous proposer les postes ouverts au sein de notre entreprise.<\/p><\/div>\n\t<\/div>\t\t\t\t<\/div>\n\t\t\t\t<\/div>\n\t\t\t\t\t<\/div>\n\t\t<\/div>\n\t\t\t\t\t<\/div>\n\t\t<\/section>\n\t\t\t\t<section class=\"elementor-section elementor-top-section elementor-element elementor-element-0304a1c carousel-icons elementor-section-boxed elementor-section-height-default elementor-section-height-default rt-parallax-bg-no\" data-id=\"0304a1c\" data-element_type=\"section\" data-e-type=\"section\" data-settings=\"{&quot;background_background&quot;:&quot;classic&quot;}\">\n\t\t\t\t\t\t<div class=\"elementor-container elementor-column-gap-default\">\n\t\t\t\t\t<div class=\"elementor-column elementor-col-100 elementor-top-column elementor-element elementor-element-98129dc\" data-id=\"98129dc\" data-element_type=\"column\" data-e-type=\"column\">\n\t\t\t<div class=\"elementor-widget-wrap elementor-element-populated\">\n\t\t\t\t\t\t<div class=\"elementor-element elementor-element-2558aa1 elementor-invisible elementor-widget elementor-widget-rt-title\" data-id=\"2558aa1\" data-element_type=\"widget\" data-e-type=\"widget\" data-widget_type=\"rt-title.default\">\n\t\t\t\t<div class=\"elementor-widget-container\">\n\t\t\t\t\t<div class=\"sec-title style3\">\n\t<div class=\"sec-title-holder\">\n\t\t\t\t<span class=\"sub-title hide fadeInUp\" data-wow-delay=\"1s\" data-wow-duration=\"1s\">Offres d'emploi<\/span>\n\t\t\t\t<h2 class=\"rtin-title hide fadeInUp\" data-wow-delay=\"1.2s\" data-wow-duration=\"1s\">Consultant SAP HCM<\/h2>\n\t<\/div>\n<\/div>\n\t\t\t\t<\/div>\n\t\t\t\t<\/div>\n\t\t\t\t<div class=\"elementor-element elementor-element-fe3e263 elementor-widget elementor-widget-text-editor\" data-id=\"fe3e263\" data-element_type=\"widget\" data-e-type=\"widget\" data-widget_type=\"text-editor.default\">\n\t\t\t\t\t\t\t\t\t<p>En tant que partenaire de SAP, KARTOSA accompagne ses clients dans la transformation et la rationalisation de leurs syst\u00e8mes d&rsquo;information RH. Notre exp\u00e9rience couvre l\u2019impl\u00e9mentation et la maintenance des syst\u00e8mes\u00a0<strong>SAP SuccessFactors HXM Cloud et On-premise.<\/strong><\/p><p>Cette ann\u00e9e encore, KARTOSA maintient sa politique de recrutement des\u00a0<strong>Consultants exp\u00e9riment\u00e9<\/strong>\u00a0<strong>au sein de son si\u00e8ge \u00e0 Paris<\/strong>.<\/p><p><strong>Votre mission :<\/strong><\/p><ul><li>Analyser les besoins des clients en mati\u00e8re de paie et de gestion des temps et activit\u00e9s<\/li><li>Concevoir et param\u00e9trer les solutions SAP PAIE et GTA adapt\u00e9es aux sp\u00e9cificit\u00e9s l\u00e9gales et conventionnelles des clients<\/li><li>R\u00e9aliser les tests fonctionnels et techniques des solutions SAP PAIE et GTA<\/li><li>Assurer le support et la formation des utilisateurs finaux<\/li><li>Participer au suivi et \u00e0 l&rsquo;\u00e9volution des solutions SAP PAIE et GTA<\/li><\/ul><p><strong>Votre profil :<\/strong><\/p><ul><li>Vous avez une exp\u00e9rience significative d\u2019au moins 3 ans en tant que consultant SAP PAIE et GTA<\/li><li>Vous ma\u00eetrisez les modules SAP HCM-PA (Paie) et SAP HCM-PT (Gestion des temps)<\/li><li>Vous connaissez les r\u00e8gles de paie et de gestion des temps fran\u00e7aises.<\/li><li>Vous avez de bonnes capacit\u00e9s d&rsquo;analyse, de synth\u00e8se et de communication<\/li><li>Vous \u00eates reconnu(e) pour votre pers\u00e9v\u00e9rance, votre sens de la relation client, votre s\u00e9rieux et votre capacit\u00e9 \u00e0 travailler en \u00e9quipe<\/li><li>Votre capacit\u00e9 d&rsquo;adaptation est associ\u00e9e \u00e0 des qualit\u00e9s de rigueur et d&rsquo;autonomie.<\/li><li>Vous avez un bon niveau d&rsquo;anglais<\/li><\/ul><p><strong>Avantages :<\/strong><\/p><ul><li>R\u00e9mun\u00e9ration attractive et \u00e9volutive selon profil et qualification<\/li><li>Mutuelle, pr\u00e9voyance, tickets restaurant, abonnement t\u00e9l, 100% remboursement de transport, participation aux b\u00e9n\u00e9fices de l\u2019entreprise et des primes collectives et individuelles<\/li><li>Mode de travail hybride<\/li><li>Coaching pour d\u00e9velopper le sens de la mission et gagner en autonomie, visualiser l\u2019impact du travail fourni sur les r\u00e9sultats, responsabiliser et gagner en autonomie et en expertise<\/li><li>Des opportunit\u00e9s de formation et d&rsquo;\u00e9volution de carri\u00e8re au sein d\u2019une \u00e9quipe motiv\u00e9e et dynamique<\/li><\/ul><p>Si vous \u00eates int\u00e9ress\u00e9(e) par ce poste, n&rsquo;h\u00e9sitez pas \u00e0 nous envoyer votre CV \u00e0 l&rsquo;adresse suivante : <a href=\"mailto:recrutement@kartosa.com\">recrutement@kartosa.com<\/a>. Nous vous contacterons dans les meilleurs d\u00e9lais pour un entretien.<\/p>\t\t\t\t\t\t\t\t<\/div>\n\t\t\t\t\t<\/div>\n\t\t<\/div>\n\t\t\t\t\t<\/div>\n\t\t<\/section>\n\t\t\t\t<section class=\"elementor-section elementor-top-section elementor-element elementor-element-a78f844 elementor-section-boxed elementor-section-height-default elementor-section-height-default rt-parallax-bg-no\" data-id=\"a78f844\" data-element_type=\"section\" data-e-type=\"section\">\n\t\t\t\t\t\t<div class=\"elementor-container elementor-column-gap-default\">\n\t\t\t\t\t<div class=\"elementor-column elementor-col-100 elementor-top-column elementor-element elementor-element-d9d886d\" data-id=\"d9d886d\" data-element_type=\"column\" data-e-type=\"column\">\n\t\t\t<div class=\"elementor-widget-wrap\">\n\t\t\t\t\t\t\t<\/div>\n\t\t<\/div>\n\t\t\t\t\t<\/div>\n\t\t<\/section>\n\t\t\t\t<\/div>\n\t\t","protected":false},"excerpt":{"rendered":"<p>KARTOSA\u00a0place l\u2019humain au centre de ses pr\u00e9occupations. Notre seul capital \u00e9tant les talents de nos \u00e9quipes. Dans sa strat\u00e9gie de d\u00e9veloppement,\u00a0KARTOSA compte, d\u2019une part sur sa propre capacit\u00e9 \u00e0 former les jeunes talents aux meilleures pratiques du m\u00e9tier de consultant et aux meilleures techniques employ\u00e9es dans chaque phase du cycle de vie d\u2019un syst\u00e8me d\u2019information [&hellip;]<\/p>\n","protected":false},"author":1,"featured_media":0,"parent":0,"menu_order":0,"comment_status":"closed","ping_status":"closed","template":"elementor_header_footer","meta":{"footnotes":""},"class_list":["post-8572","page","type-page","status-publish","hentry"],"yoast_head":"<!-- This site is optimized with the Yoast SEO plugin v27.4 - https:\/\/yoast.com\/product\/yoast-seo-wordpress\/ -->\n<title>Carri\u00e8res KARTOSA | Consultants SAP HCM &amp; SuccessFactors<\/title>\n<meta name=\"description\" content=\"KARTOSA place l\u2019humain au centre de ses pr\u00e9occupations. Notre seul capital \u00e9tant les talents de nos \u00e9quipes.\" \/>\n<meta name=\"robots\" content=\"index, follow, max-snippet:-1, max-image-preview:large, max-video-preview:-1\" \/>\n<link rel=\"canonical\" href=\"https:\/\/www.kartosa.com\/fr\/carrieres\/\" \/>\n<meta property=\"og:locale\" content=\"fr_FR\" \/>\n<meta property=\"og:type\" content=\"article\" \/>\n<meta property=\"og:title\" content=\"Carri\u00e8res KARTOSA | Consultants SAP HCM &amp; SuccessFactors\" \/>\n<meta property=\"og:description\" content=\"KARTOSA place l\u2019humain au centre de ses pr\u00e9occupations. Notre seul capital \u00e9tant les talents de nos \u00e9quipes.\" \/>\n<meta property=\"og:url\" content=\"https:\/\/www.kartosa.com\/fr\/carrieres\/\" \/>\n<meta property=\"og:site_name\" content=\"KARTOSA \u2014 Consultant SAP SuccessFactors &amp; SAP HR en France\" \/>\n<meta property=\"article:modified_time\" content=\"2026-02-18T10:10:21+00:00\" \/>\n<meta name=\"twitter:card\" content=\"summary_large_image\" \/>\n<meta name=\"twitter:label1\" content=\"Dur\u00e9e de lecture estim\u00e9e\" \/>\n\t<meta name=\"twitter:data1\" content=\"3 minutes\" \/>\n<script type=\"application\/ld+json\" class=\"yoast-schema-graph\">{\"@context\":\"https:\\\/\\\/schema.org\",\"@graph\":[{\"@type\":\"WebPage\",\"@id\":\"https:\\\/\\\/www.kartosa.com\\\/carrieres\\\/\",\"url\":\"https:\\\/\\\/www.kartosa.com\\\/carrieres\\\/\",\"name\":\"Carri\u00e8res KARTOSA | Consultants SAP HCM & SuccessFactors\",\"isPartOf\":{\"@id\":\"https:\\\/\\\/www.kartosa.com\\\/#website\"},\"datePublished\":\"2023-05-16T03:15:09+00:00\",\"dateModified\":\"2026-02-18T10:10:21+00:00\",\"description\":\"KARTOSA place l\u2019humain au centre de ses pr\u00e9occupations. Notre seul capital \u00e9tant les talents de nos \u00e9quipes.\",\"breadcrumb\":{\"@id\":\"https:\\\/\\\/www.kartosa.com\\\/carrieres\\\/#breadcrumb\"},\"inLanguage\":\"fr-FR\",\"potentialAction\":[{\"@type\":\"ReadAction\",\"target\":[\"https:\\\/\\\/www.kartosa.com\\\/carrieres\\\/\"]}]},{\"@type\":\"BreadcrumbList\",\"@id\":\"https:\\\/\\\/www.kartosa.com\\\/carrieres\\\/#breadcrumb\",\"itemListElement\":[{\"@type\":\"ListItem\",\"position\":1,\"name\":\"Accueil\",\"item\":\"https:\\\/\\\/www.kartosa.com\\\/fr\\\/\"},{\"@type\":\"ListItem\",\"position\":2,\"name\":\"Carri\u00e8res\"}]},{\"@type\":\"WebSite\",\"@id\":\"https:\\\/\\\/www.kartosa.com\\\/#website\",\"url\":\"https:\\\/\\\/www.kartosa.com\\\/\",\"name\":\"KARTOSA\",\"description\":\"\",\"potentialAction\":[{\"@type\":\"SearchAction\",\"target\":{\"@type\":\"EntryPoint\",\"urlTemplate\":\"https:\\\/\\\/www.kartosa.com\\\/?s={search_term_string}\"},\"query-input\":{\"@type\":\"PropertyValueSpecification\",\"valueRequired\":true,\"valueName\":\"search_term_string\"}}],\"inLanguage\":\"fr-FR\"}]}<\/script>\n<!-- \/ Yoast SEO plugin. -->","yoast_head_json":{"title":"Carri\u00e8res KARTOSA | Consultants SAP HCM & SuccessFactors","description":"KARTOSA place l\u2019humain au centre de ses pr\u00e9occupations. Notre seul capital \u00e9tant les talents de nos \u00e9quipes.","robots":{"index":"index","follow":"follow","max-snippet":"max-snippet:-1","max-image-preview":"max-image-preview:large","max-video-preview":"max-video-preview:-1"},"canonical":"https:\/\/www.kartosa.com\/fr\/carrieres\/","og_locale":"fr_FR","og_type":"article","og_title":"Carri\u00e8res KARTOSA | Consultants SAP HCM & SuccessFactors","og_description":"KARTOSA place l\u2019humain au centre de ses pr\u00e9occupations. Notre seul capital \u00e9tant les talents de nos \u00e9quipes.","og_url":"https:\/\/www.kartosa.com\/fr\/carrieres\/","og_site_name":"KARTOSA \u2014 Consultant SAP SuccessFactors &amp; SAP HR en France","article_modified_time":"2026-02-18T10:10:21+00:00","twitter_card":"summary_large_image","twitter_misc":{"Dur\u00e9e de lecture estim\u00e9e":"3 minutes"},"schema":{"@context":"https:\/\/schema.org","@graph":[{"@type":"WebPage","@id":"https:\/\/www.kartosa.com\/carrieres\/","url":"https:\/\/www.kartosa.com\/carrieres\/","name":"Carri\u00e8res KARTOSA | Consultants SAP HCM & SuccessFactors","isPartOf":{"@id":"https:\/\/www.kartosa.com\/#website"},"datePublished":"2023-05-16T03:15:09+00:00","dateModified":"2026-02-18T10:10:21+00:00","description":"KARTOSA place l\u2019humain au centre de ses pr\u00e9occupations. Notre seul capital \u00e9tant les talents de nos \u00e9quipes.","breadcrumb":{"@id":"https:\/\/www.kartosa.com\/carrieres\/#breadcrumb"},"inLanguage":"fr-FR","potentialAction":[{"@type":"ReadAction","target":["https:\/\/www.kartosa.com\/carrieres\/"]}]},{"@type":"BreadcrumbList","@id":"https:\/\/www.kartosa.com\/carrieres\/#breadcrumb","itemListElement":[{"@type":"ListItem","position":1,"name":"Accueil","item":"https:\/\/www.kartosa.com\/fr\/"},{"@type":"ListItem","position":2,"name":"Carri\u00e8res"}]},{"@type":"WebSite","@id":"https:\/\/www.kartosa.com\/#website","url":"https:\/\/www.kartosa.com\/","name":"KARTOSA","description":"","potentialAction":[{"@type":"SearchAction","target":{"@type":"EntryPoint","urlTemplate":"https:\/\/www.kartosa.com\/?s={search_term_string}"},"query-input":{"@type":"PropertyValueSpecification","valueRequired":true,"valueName":"search_term_string"}}],"inLanguage":"fr-FR"}]}},"_links":{"self":[{"href":"https:\/\/www.kartosa.com\/fr\/wp-json\/wp\/v2\/pages\/8572","targetHints":{"allow":["GET"]}}],"collection":[{"href":"https:\/\/www.kartosa.com\/fr\/wp-json\/wp\/v2\/pages"}],"about":[{"href":"https:\/\/www.kartosa.com\/fr\/wp-json\/wp\/v2\/types\/page"}],"author":[{"embeddable":true,"href":"https:\/\/www.kartosa.com\/fr\/wp-json\/wp\/v2\/users\/1"}],"replies":[{"embeddable":true,"href":"https:\/\/www.kartosa.com\/fr\/wp-json\/wp\/v2\/comments?post=8572"}],"version-history":[{"count":0,"href":"https:\/\/www.kartosa.com\/fr\/wp-json\/wp\/v2\/pages\/8572\/revisions"}],"wp:attachment":[{"href":"https:\/\/www.kartosa.com\/fr\/wp-json\/wp\/v2\/media?parent=8572"}],"curies":[{"name":"wp","href":"https:\/\/api.w.org\/{rel}","templated":true}]}}